{"id":273,"date":"2017-04-02T12:22:52","date_gmt":"2017-04-02T12:22:52","guid":{"rendered":"http:\/\/www.iliskikocubal.com\/site\/?page_id=273"},"modified":"2017-04-02T12:22:52","modified_gmt":"2017-04-02T12:22:52","slug":"kullanici-sozlesmesi","status":"publish","type":"page","link":"https:\/\/www.iliskikocubal.com\/site\/kullanici-sozlesmesi\/","title":{"rendered":"Kullan\u0131c\u0131 s\u00f6zle\u015fmesi"},"content":{"rendered":"<p><strong>Madde 1. Taraflar<\/strong><\/p>\n<p>\u0130\u015fbu Kullan\u0131c\u0131 S\u00f6zle\u015fmesi (\u201cS\u00f6zle\u015fme\u201d), \u0130li\u015fki Ko\u00e7u Bal (\u201c\u015eirket\u201d) ile www.iliskikocubal.com adresinde yer alan siteye (\u201cSite\u201d) kullan\u0131c\u0131 (\u201cKullan\u0131c\u0131(lar)\u201d) olarak kaydolan ki\u015fi aras\u0131nda akdedilmektedir. S\u00f6zle\u015fme, Kullan\u0131c\u0131 taraf\u0131ndan elektronik ortamda kabul\u00fc ile birlikte y\u00fcr\u00fcrl\u00fc\u011fe girecek olup; taraflarca S\u00f6zle\u015fme\u2019de belirtilen usuller do\u011frultusunda sona erdirilmedi\u011fi s\u00fcrece y\u00fcr\u00fcrl\u00fckte kalmaya devam edecektir.<\/p>\n<p><strong>Madde 2. S\u00f6zle\u015fme\u2019nin Konusu ve Kapsam\u0131<\/strong><\/p>\n<p>\u0130\u015fbu S\u00f6zle\u015fme, Kullan\u0131c\u0131 taraf\u0131ndan, Site \u00fczerinden eri\u015filen online olarak verilecek sipari\u015f i\u015flemlerini ve Kullan\u0131c\u0131 taraf\u0131ndan Site\u2019ye y\u00fcklenen verilere (\u201c\u0130\u00e7erik\u201d) ili\u015fkin ko\u015ful ve \u015fartlar ile ilgili taraflar\u0131n hak ve y\u00fck\u00fcml\u00fcl\u00fcklerinin belirlenmesi amac\u0131yla akdedilmektedir. Sitenin kullan\u0131m\u0131na ili\u015fkin olarak \u015eirket taraf\u0131ndan Kullan\u0131c\u0131lar\u2019a sunulan kullan\u0131m ko\u015fullar\u0131, kural ve \u015fartlar da i\u015fbu S\u00f6zle\u015fme\u2019nin eki ve ayr\u0131lmaz bir par\u00e7as\u0131 niteli\u011finde olup burada yer alan hak ve y\u00fck\u00fcml\u00fcl\u00fcklerle birlikte taraflar\u0131n hak ve y\u00fck\u00fcml\u00fcl\u00fcklerinin tamam\u0131n\u0131 olu\u015fturmaktad\u0131r.<\/p>\n<p><strong>Madde 3. Taraflar\u0131n Hak ve Y\u00fck\u00fcml\u00fcl\u00fckleri<\/strong><\/p>\n<p><strong>3.1<\/strong> Kullan\u0131c\u0131, Site\u2019den faydalanmak i\u00e7in \u015eirket taraf\u0131ndan talep edilen bilgileri tam, do\u011fru ve g\u00fcncel bir \u015fekilde sa\u011flayarak i\u015fbu S\u00f6zle\u015fme\u2019yi onaylamas\u0131 gerekti\u011fini bildi\u011fini beyan eder. Kullan\u0131c\u0131 stat\u00fcs\u00fcn\u00fcn tesisi s\u0131ras\u0131nda sa\u011flanan bilgilerde herhangi bir de\u011fi\u015fiklik olmas\u0131 halinde, s\u00f6z konusu bilgiler derhal g\u00fcncellenecektir. Bu bilgilerin eksik veya ger\u00e7e\u011fe ayk\u0131r\u0131 olarak verilmesi ya da g\u00fcncel olmamas\u0131 nedeniyle Siteye eri\u015fim sa\u011flanamamas\u0131ndan ve bunlardan faydalan\u0131lamamas\u0131ndan \u015eirket sorumlu de\u011fildir.<\/p>\n<p><strong>3.2<\/strong> Kullan\u0131c\u0131, 18 ya\u015f\u0131n\u0131 doldurmu\u015f oldu\u011funu ve i\u015fbu S\u00f6zle\u015fme\u2019yi akdetmek i\u00e7in gereken yasal ehliyete sahip bulundu\u011funu beyan eder. Kullan\u0131c\u0131\u2019n\u0131n Site\u2019ye bir i\u015fletme ad\u0131na eri\u015fiyor olmas\u0131 halinde, Kullan\u0131c\u0131 buna ili\u015fkin gerekli yetkiyi haiz oldu\u011funu kabul ve beyan eder. Bu durumda Kullan\u0131c\u0131 stat\u00fcs\u00fc ile hak ve y\u00fck\u00fcml\u00fcl\u00fckler s\u00f6z konusu i\u015fletmeye ait olacakt\u0131r.<\/p>\n<p><strong>3.3<\/strong> Kullan\u0131c\u0131, tek bir Kullan\u0131c\u0131 hesab\u0131 tesis etme hakk\u0131na sahip olup, Kullan\u0131c\u0131 hesab\u0131n\u0131n \u015eirket taraf\u0131ndan ask\u0131ya al\u0131nmas\u0131 veya sona erdirilmesini takiben Kullan\u0131c\u0131 taraf\u0131ndan ayn\u0131 veya ba\u015fka bilgiler kullan\u0131larak ikinci bir hesap tesis edilmesi yasakt\u0131r. \u015eirket\u2019in herhangi bir gerek\u00e7e g\u00f6stermeksizin, tamamen kendi iradesine tabi olarak Kullan\u0131c\u0131 hesab\u0131n\u0131n a\u00e7\u0131lmas\u0131n\u0131 reddetme hakk\u0131 sakl\u0131d\u0131r.<\/p>\n<p><strong>3.4<\/strong> Kullan\u0131c\u0131 taraf\u0131ndan Site\u2019ye eri\u015fim e-posta adresi ve \u015fifresi kullan\u0131larak ger\u00e7ekle\u015ftirilecektir. Bu \u015fifrenin gizlili\u011finin ve g\u00fcvenli\u011finin korunmas\u0131ndan Kullan\u0131c\u0131 sorumlu olacak olup Site \u00fczerinden s\u00f6z konusu bilgilerin kullan\u0131m\u0131 ile ger\u00e7ekle\u015ftirilen her t\u00fcrl\u00fc faaliyetin Kullan\u0131c\u0131 taraf\u0131ndan ger\u00e7ekle\u015ftirildi\u011fi kabul edilecek, bu faaliyetlerden do\u011fan her t\u00fcrl\u00fc yasal ve cezai sorumluluk Kullan\u0131c\u0131\u2019ya ait olacakt\u0131r. Kullan\u0131c\u0131, \u015fifresinin yetkisiz kullan\u0131m\u0131 veya g\u00fcvenli\u011fin ba\u015fka \u015fekilde ihlalinden haberdar oldu\u011funda bu durumu derhal \u015eirket\u2019e bildirecektir.<\/p>\n<p><strong>3.5<\/strong> Kullan\u0131c\u0131, Uygulama\u2019y\u0131 yaln\u0131zca yasalara uygun faaliyetleri i\u00e7in kullanaca\u011f\u0131n\u0131, i\u015fbu S\u00f6zle\u015fme, ekleri, y\u00fcr\u00fcrl\u00fckteki mevzuat ve Uygulama\u2019ya ili\u015fkin olarak Site\u2019de \u00f6ng\u00f6r\u00fclen di\u011fer h\u00fck\u00fcm ve ko\u015fullara uygun davranaca\u011f\u0131n\u0131 kabul ve taahh\u00fct eder. Kullan\u0131c\u0131, Uygulama ve Site\u2019yi \u00fc\u00e7\u00fcnc\u00fc ki\u015filere hizmet sunmak i\u00e7in yetkili oldu\u011fu s\u00fcrece \u00fc\u00e7\u00fcnc\u00fc ki\u015fi ad\u0131na kullanabilecektir. Kullan\u0131c\u0131 bu kapsamda, s\u00f6z konusu ki\u015filerin de i\u015fbu S\u00f6zle\u015fme ve kendisi i\u00e7in ge\u00e7erli olan di\u011fer t\u00fcm h\u00fck\u00fcmlere uygun davranmas\u0131n\u0131 sa\u011flayacakt\u0131r.<\/p>\n<p><strong>3.6<\/strong> Kullan\u0131c\u0131 taraf\u0131ndan payla\u015f\u0131lan \u0130\u00e7erik Kullan\u0131c\u0131\u2019n\u0131n m\u00fclkiyetinde olup \u0130\u00e7erik\u2019e ili\u015fkin t\u00fcm sorumluluk Kullan\u0131c\u0131\u2019ya aittir. \u015eirket, i\u015fbu S\u00f6zle\u015fme kapsam\u0131nda Kullan\u0131c\u0131 taraf\u0131ndan kendisine sa\u011flanan lisans kapsam\u0131nda \u0130\u00e7erik\u2019i kullanma hakk\u0131n\u0131 haizdir. \u0130\u00e7erik\u2019e yahut \u0130\u00e7erik\u2019in yol a\u00e7abilece\u011fi kay\u0131p veya zararlara ili\u015fkin olarak \u015eirket sorumlu tutulamayacak olup say\u0131lanlarla s\u0131n\u0131rl\u0131 olmaks\u0131z\u0131n, hukuka uygunluk, \u0130\u00e7erik\u2019in do\u011frulu\u011fu, faturalar\u0131n \u00f6denmesi, tahsilat\u0131n yap\u0131lmas\u0131, finansal i\u015flemler ve vergi bildirimine ili\u015fkin olarak \u015eirket\u2019in hi\u00e7bir sorumlulu\u011fu bulunmamaktad\u0131r. Finansal i\u015flemler, vergi ve di\u011fer hususlar hakk\u0131nda ilgili mevzuata uygunlu\u011fun sa\u011flanmas\u0131 m\u00fcnhas\u0131ran Kullan\u0131c\u0131\u2019n\u0131n sorumlulu\u011fundad\u0131r. Kullan\u0131c\u0131, \u015eirket\u2019in finansal d\u00fczenlemeler ba\u015fta olmak \u00fczere, y\u00fcr\u00fcrl\u00fckteki mevzuattan kaynaklanan gereksinimlere dayanarak \u0130\u00e7erik\u2019i Uygulama\u2019dan ve sistemlerinden silebilece\u011fini ve \u015eirket\u2019in kay\u0131p veriler de dahil olmak \u00fczere bu kapsamda meydana gelebilecek zararlardan sorumlu olmad\u0131\u011f\u0131n\u0131 kabul eder.<\/p>\n<p><strong>3.7<\/strong> Kullan\u0131c\u0131, Siteyi kullanmas\u0131n\u0131n ayl\u0131k i\u015flem ve saklama hacimleri de dahil olmak \u00fczere k\u0131s\u0131tlamalara tabi olabilece\u011fini kabul eder. S\u00f6z konusu k\u0131s\u0131tlamalar Uygulama i\u00e7inde belirtilecektir.<\/p>\n<p><strong>3.8<\/strong> \u015eirket, Kullan\u0131c\u0131 taraf\u0131ndan kendisi ile payla\u015f\u0131lan bilgi ve verileri i\u015fbu S\u00f6zle\u015fme\u2019ye ek niteli\u011finde olan \u201cGizlilik Politikas\u0131\u201d kapsam\u0131nda saklayacak ve kullanacakt\u0131r. Kullan\u0131c\u0131, \u015eirket\u2019in y\u00fcr\u00fcrl\u00fckteki mevzuat uyar\u0131nca yetkili makamlardan talep gelmesi halinde Kullan\u0131c\u0131\u2019n\u0131n kendisinde bulunan bilgilerini ilgili yetkili makamlarla payla\u015fabilece\u011fini kabul eder. Bunun d\u0131\u015f\u0131nda Kullan\u0131c\u0131\u2019ya ve Kullan\u0131c\u0131 taraf\u0131ndan Site \u00fczerinden ger\u00e7ekle\u015ftirilen i\u015flemlere ait bilgiler Kullan\u0131c\u0131\u2019n\u0131n g\u00fcvenli\u011fi, \u015eirket\u2019in y\u00fck\u00fcml\u00fcl\u00fcklerini ifa ve baz\u0131 istatistiki de\u011ferlendirmeler i\u00e7in kullan\u0131labilecektir. \u015eirket ayr\u0131ca, fatura g\u00f6nderme, \u00f6deme bilgisi payla\u015fma gibi talep edilen hizmetleri sa\u011flamak i\u00e7in \u0130\u00e7erik\u2019i di\u011fer kullan\u0131c\u0131larla payla\u015fma hakk\u0131na sahiptir. Kullan\u0131c\u0131, di\u011fer kullan\u0131c\u0131lara ait \u0130\u00e7erikler\u2019i kullanmak istemesi halinde ilgili kullan\u0131c\u0131lar\u0131n onay\u0131n\u0131 alacak ve s\u00f6z konusu \u0130\u00e7erikler\u2019i di\u011fer kullan\u0131c\u0131 taraf\u0131ndan verilen onay kapsam\u0131nda kullanacakt\u0131r. Bu bilgiler ayr\u0131ca bir veritaban\u0131 \u00fczerinde tasnif edilip muhafaza edilebilecek ve \u015eirket, Kullan\u0131c\u0131\u2019n\u0131n s\u00f6z konusu kullan\u0131m ve i\u015flem bilgilerini performans de\u011ferlendirmeleri, \u015eirket\u2019in ve i\u015f ortaklar\u0131n\u0131n pazarlama kampanyalar\u0131, y\u0131ll\u0131k raporlar ve benzeri i\u015flemler i\u00e7in bunlar i\u00e7in gerekli olan s\u00fcre boyunca s\u00f6z konusu verilerin anonim hale getirilmesini takiben kullanabilecektir. Kullan\u0131c\u0131, \u0130\u00e7erik ve di\u011fer bilgilerin \u015eirket veya \u00fc\u00e7\u00fcnc\u00fc ki\u015filer taraf\u0131ndan T\u00fcrkiye\u2019de veya yurt d\u0131\u015f\u0131nda bulunan veri merkezlerinde saklanabilece\u011fini kabul eder.<\/p>\n<p><strong>3.8<\/strong> Kullan\u0131c\u0131\u2019ya Site \u00fczerinden ileti\u015fim ara\u00e7lar\u0131 (forum, sohbet ara\u00e7lar\u0131 veya mesaj merkezi gibi) sa\u011flanmas\u0131 durumunda Kullan\u0131c\u0131 bu ileti\u015fim ara\u00e7lar\u0131n\u0131 yaln\u0131zca hukuka uygun ama\u00e7lar \u00e7er\u00e7evesinde kullanaca\u011f\u0131n\u0131 beyan ve taahh\u00fct eder. Kullan\u0131c\u0131, s\u00f6z konusu ileti\u015fim ara\u00e7lar\u0131n\u0131 \u00fcr\u00fcn ve hizmet sat\u0131\u015f\u0131, kar\u015f\u0131 taraf\u0131n r\u0131zas\u0131 olmadan g\u00f6nderilen e-postalar, \u00fc\u00e7\u00fcnc\u00fc ki\u015filerin yaz\u0131l\u0131m ve bilgisayar sistemlerine zarar verebilecek dosyalar, di\u011fer kullan\u0131c\u0131lar bak\u0131m\u0131ndan hakaret i\u00e7eren i\u00e7erikler yahut hukuka ayk\u0131r\u0131 her t\u00fcrl\u00fc i\u00e7erik de dahil olmak \u00fczere Uygulama amac\u0131 d\u0131\u015f\u0131nda materyaller payla\u015fmak i\u00e7in kullanmayacakt\u0131r. Kullan\u0131c\u0131, Site \u00fczerinden ger\u00e7ekle\u015ftirdi\u011fi her t\u00fcrl\u00fc ileti\u015fim bak\u0131m\u0131ndan bunu yapma yetkisini haiz oldu\u011funu taahh\u00fct eder. \u015eirket\u2019in Site \u00fczerinden ger\u00e7ekle\u015ftirilen ileti\u015fimlerin uygunlu\u011funu yahut bunlar\u0131n Uygulama\u2019n\u0131n kullan\u0131m ama\u00e7lar\u0131na y\u00f6nelik oldu\u011funu kontrol etme y\u00fck\u00fcml\u00fcl\u00fc\u011f\u00fc bulunmamaktad\u0131r. Uygulama \u00fczerinden eri\u015filen veya Uygulama\u2019ya ili\u015fkin olarak kullan\u0131lan di\u011fer web tabanl\u0131 ileti\u015fim ara\u00e7lar\u0131 bak\u0131m\u0131ndan da Kullan\u0131c\u0131 Site \u00fczerinden sa\u011flanan ileti\u015fim ara\u00e7lar\u0131n\u0131 kullan\u0131rken g\u00f6stermekle y\u00fck\u00fcml\u00fc oldu\u011fu \u00f6zeni g\u00f6sterecektir. \u015eirket, Site \u00fczerinden sa\u011flad\u0131\u011f\u0131 ileti\u015fim ara\u00e7lar\u0131n\u0131 kendi takdirine ba\u011fl\u0131 olarak diledi\u011fi zaman kald\u0131rma hakk\u0131na sahiptir.<\/p>\n<p><strong>3.9<\/strong> \u015eirket, herhangi bir \u00f6n bildirimde bulunmaks\u0131z\u0131n i\u015fbu S\u00f6zle\u015fme ve eklerini revize etme hakk\u0131na sahip olup bu hakk\u0131n kullan\u0131lmas\u0131 halinde ilgili de\u011fi\u015fiklik Kullan\u0131c\u0131 taraf\u0131ndan Site\u2019nin bir sonraki kullan\u0131m\u0131 ile birlikte y\u00fcr\u00fcrl\u00fc\u011fe girecektir. Kullan\u0131c\u0131\u2019n\u0131n s\u00f6z konusu de\u011fi\u015fiklikleri kabul etmemesi halinde i\u015fbu S\u00f6zle\u015fme\u2019yi a\u015fa\u011f\u0131da belirtilen \u015fekilde feshetme hakk\u0131 sakl\u0131d\u0131r.<\/p>\n<p><strong>3.10<\/strong> Kullan\u0131c\u0131, Kullan\u0131c\u0131 hesab\u0131n\u0131 ve i\u015fbu S\u00f6zle\u015fme ile Site kullan\u0131m\u0131ndan do\u011fan hak ve y\u00fck\u00fcml\u00fcl\u00fcklerini herhangi bir \u015fekilde \u00fc\u00e7\u00fcnc\u00fc bir ki\u015fiye devir veya temlik edemez.<\/p>\n<p><strong>3.11<\/strong> Kullan\u0131c\u0131\u2019n\u0131n i\u015fbu S\u00f6zle\u015fme ve Site kapsam\u0131nda yer alan di\u011fer ko\u015ful ve \u015fartlar ile bu kapsamdaki beyan ve taahh\u00fctlerine ayk\u0131r\u0131 davranmas\u0131 halinde \u015eirket Kullan\u0131c\u0131\u2019n\u0131n \u00fcyeli\u011fini ask\u0131ya alma veya S\u00f6zle\u015fme\u2019yi a\u015fa\u011f\u0131da belirtilen \u015fekilde feshederek kullan\u0131c\u0131 stat\u00fcs\u00fcn\u00fc bu \u015fekilde sona erdirme hakk\u0131na sahip olacakt\u0131r. B\u00f6yle bir durumda \u015eirket\u2019in s\u00f6z konusu ayk\u0131r\u0131l\u0131ktan do\u011fan zararlar\u0131n\u0131n Kullan\u0131c\u0131\u2019dan talep hakk\u0131 sakl\u0131d\u0131r.<\/p>\n<p><strong>Madde 4. \u00d6deme Ko\u015fullar\u0131<\/strong><\/p>\n<p><strong>4.1<\/strong> Kullan\u0131c\u0131 Site\u2019de beyan edilen \u00fccretleri yine Site\u2019de beyan edilen \u00f6deme ko\u015fullar\u0131 ve ara\u00e7lar\u0131 ile tam ve eksiksiz olarak \u00f6demesi kar\u015f\u0131l\u0131\u011f\u0131nda faydalanabilecektir.<\/p>\n<p><strong>4.2<\/strong> \u015eirket, Kullan\u0131c\u0131 taraf\u0131ndan iletilen ileti\u015fim adresine \u00f6deme yap\u0131ld\u0131ktan sonra kullan\u0131m \u00fccretlerine ili\u015fkin faturay\u0131 iletecektir.<\/p>\n<p><strong>4.3<\/strong> \u015eirket veya \u015eirket taraf\u0131ndan onaylanm\u0131\u015f \u00fc\u00e7\u00fcnc\u00fc ki\u015filer \u00fcyeli\u011fe ve \u00f6demeye ili\u015fkin i\u015flemler veya banka entegrasyonunu ve ilgili g\u00fcncellemeleri ger\u00e7ekle\u015ftirmek i\u00e7in Kullan\u0131c\u0131\u2019n\u0131n kredi kart\u0131 ve \u00f6deme bilgilerini saklayabilecektir.<\/p>\n<p><strong>Madde 5. S\u00f6zle\u015fme\u2019nin Y\u00fcr\u00fcrl\u00fc\u011f\u00fc ve Feshi<\/strong><\/p>\n<p><strong>5.1<\/strong> \u0130\u015fbu S\u00f6zle\u015fme Kullan\u0131c\u0131 taraf\u0131ndan elektronik ortamda kabul\u00fc ile birlikte y\u00fcr\u00fcrl\u00fc\u011fe girecek ve taraflardan herhangi biri taraf\u0131ndan a\u015fa\u011f\u0131da belirtilen \u015fekilde feshedilmedi\u011fi s\u00fcrece y\u00fcr\u00fcrl\u00fckte kalacakt\u0131r.<\/p>\n<p><strong>5.2<\/strong> Taraflardan herhangi biri, di\u011fer taraf\u00e7a bildirilen elektronik posta adresine 1 (bir) hafta \u00f6nceden yapaca\u011f\u0131 yaz\u0131l\u0131 bir bildirimle i\u015fbu S\u00f6zle\u015fme\u2019yi diledi\u011fi zaman herhangi bir gerek\u00e7e g\u00f6stermeksizin ve tazminat \u00f6demeksizin feshedebilecektir.<\/p>\n<p><strong>5.3<\/strong> Taraflar\u2019dan birinin i\u015fbu S\u00f6zle\u015fme\u2019den kaynaklanan y\u00fck\u00fcml\u00fcl\u00fcklerini tam ve gere\u011fi gibi yerine getirmemesi ve di\u011fer taraf\u00e7a yap\u0131lacak yaz\u0131l\u0131 bildirime kar\u015f\u0131n s\u00f6z konusu ayk\u0131r\u0131l\u0131\u011f\u0131n verilen s\u00fcre i\u00e7erisinde giderilmemesi halinde bu S\u00f6zle\u015fme bildirimi yapan taraf\u00e7a feshedilebilecektir. Bahsi ge\u00e7en ayk\u0131r\u0131l\u0131\u011f\u0131n Kullan\u0131c\u0131 taraf\u0131ndan ger\u00e7ekle\u015ftirilmesi halinde \u015eirket ayk\u0131r\u0131l\u0131k giderilene kadar Kullan\u0131c\u0131 stat\u00fcs\u00fcn\u00fc ask\u0131ya alma hakk\u0131na sahip olacakt\u0131r. Kullan\u0131c\u0131\u2019n\u0131n y\u00fcr\u00fcrl\u00fckteki mevzuat\u0131 ihlal etmesi halinde \u015eirket S\u00f6zle\u015fme\u2019yi derhal ge\u00e7erli olacak \u015fekilde hakl\u0131 nedenle feshedebilecektir.<\/p>\n<p><strong>5.4<\/strong> S\u00f6zle\u015fme\u2019nin feshi Taraflar\u2019\u0131n fesih tarihine kadar do\u011fmu\u015f olan hak ve y\u00fck\u00fcml\u00fcl\u00fcklerini ortadan kald\u0131rmayacakt\u0131r. S\u00f6zle\u015fme\u2019nin feshi ile birlikte Kullan\u0131c\u0131, o g\u00fcne kadar do\u011fmu\u015f olan t\u00fcm \u00fccret ve masraflardan sorumlu olup fesih tarihi itibariyle Site\u2019yi kullanamayacakt\u0131r. \u00d6n \u00f6demeli \u00fcyeliklerin feshi halinde Kullan\u0131c\u0131\u2019ya para iadesi yap\u0131lmaz.<\/p>\n<p><strong>5.5<\/strong> Kullan\u0131c\u0131 hesab\u0131n\u0131n yasal nedenlerle engellenmi\u015f olmad\u0131\u011f\u0131 ve S\u00f6zle\u015fme\u2019nin feshedildi\u011fi hallerde \u015eirket \u0130\u00e7erik\u2019e 6 (alt\u0131) ay boyunca salt okunur eri\u015fim sa\u011flayacakt\u0131r.<\/p>\n<p><strong>Madde 6. Muhtelif H\u00fck\u00fcmler<\/strong><\/p>\n<p><strong>6.1<\/strong> \u0130\u015fbu S\u00f6zle\u015fme\u2019nin herhangi bir h\u00fckm\u00fcn\u00fcn veya s\u00f6zle\u015fmede yer alan herhangi bir ifadenin ge\u00e7ersizli\u011fi, yasaya ayk\u0131r\u0131l\u0131\u011f\u0131 ve uygulanamazl\u0131\u011f\u0131, S\u00f6zle\u015fme\u2019nin geri kalan h\u00fck\u00fcmlerinin y\u00fcr\u00fcrl\u00fc\u011f\u00fcn\u00fc ve ge\u00e7erlili\u011fini etkilemeyecektir.<\/p>\n<p><strong>6.2<\/strong> \u0130\u015fbu S\u00f6zle\u015fme ekleri ile bir b\u00fct\u00fcnd\u00fcr. S\u00f6zle\u015fme ile ekleri aras\u0131nda herhangi bir \u00e7eli\u015fki olmas\u0131 halinde, ilgili eklerde yer alan h\u00fck\u00fcmler ge\u00e7erli olacakt\u0131r.<\/p>\n<p><strong>6.3<\/strong> Kullan\u0131c\u0131 ile kay\u0131t olurken bildirdikleri e-mail vas\u0131tas\u0131yla veya Site\u2019de yer alan genel bilgilendirme arac\u0131l\u0131\u011f\u0131yla ileti\u015fim kurulacakt\u0131r. E-mail ile yap\u0131lan ileti\u015fim yaz\u0131l\u0131 ileti\u015fimin yerini tutar. E-mail adresini g\u00fcncel tutmak ve Site\u2019yi bilgilendirmeler i\u00e7in d\u00fczenli kontrol etmek Kullan\u0131c\u0131\u2019n\u0131n sorumlulu\u011fundad\u0131r.<\/p>\n<p><strong>6.4<\/strong> \u0130\u015fbu S\u00f6zle\u015fme ve eklerinden kaynakl\u0131 uyu\u015fmazl\u0131klarda \u0130stanbul Kad\u0131k\u00f6y Mahkemeleri ve \u0130cra Daireleri ge\u00e7erli olacakt\u0131r.<\/p>\n","protected":false},"excerpt":{"rendered":"<p>Madde 1. Taraflar \u0130\u015fbu Kullan\u0131c\u0131 S\u00f6zle\u015fmesi (\u201cS\u00f6zle\u015fme\u201d), \u0130li\u015fki Ko\u00e7u Bal (\u201c\u015eirket\u201d) ile www.iliskikocubal.com adresinde yer alan siteye (\u201cSite\u201d) kullan\u0131c\u0131 (\u201cKullan\u0131c\u0131(lar)\u201d) olarak kaydolan ki\u015fi aras\u0131nda akdedilmektedir. S\u00f6zle\u015fme, Kullan\u0131c\u0131 taraf\u0131ndan elektronik ortamda kabul\u00fc ile birlikte y\u00fcr\u00fcrl\u00fc\u011fe girecek olup; taraflarca S\u00f6zle\u015fme\u2019de belirtilen usuller do\u011frultusunda sona erdirilmedi\u011fi s\u00fcrece y\u00fcr\u00fcrl\u00fckte kalmaya devam edecektir. Madde 2&#8230;.<\/p>\n","protected":false},"author":1,"featured_media":0,"parent":0,"menu_order":0,"comment_status":"closed","ping_status":"closed","template":"","meta":{"_exactmetrics_skip_tracking":false,"_exactmetrics_sitenote_active":false,"_exactmetrics_sitenote_note":"","_exactmetrics_sitenote_category":0,"footnotes":""},"class_list":["post-273","page","type-page","status-publish","hentry"],"_links":{"self":[{"href":"https:\/\/www.iliskikocubal.com\/site\/wp-json\/wp\/v2\/pages\/273","targetHints":{"allow":["GET"]}}],"collection":[{"href":"https:\/\/www.iliskikocubal.com\/site\/wp-json\/wp\/v2\/pages"}],"about":[{"href":"https:\/\/www.iliskikocubal.com\/site\/wp-json\/wp\/v2\/types\/page"}],"author":[{"embeddable":true,"href":"https:\/\/www.iliskikocubal.com\/site\/wp-json\/wp\/v2\/users\/1"}],"replies":[{"embeddable":true,"href":"https:\/\/www.iliskikocubal.com\/site\/wp-json\/wp\/v2\/comments?post=273"}],"version-history":[{"count":1,"href":"https:\/\/www.iliskikocubal.com\/site\/wp-json\/wp\/v2\/pages\/273\/revisions"}],"predecessor-version":[{"id":274,"href":"https:\/\/www.iliskikocubal.com\/site\/wp-json\/wp\/v2\/pages\/273\/revisions\/274"}],"wp:attachment":[{"href":"https:\/\/www.iliskikocubal.com\/site\/wp-json\/wp\/v2\/media?parent=273"}],"curies":[{"name":"wp","href":"https:\/\/api.w.org\/{rel}","templated":true}]}}