{"id":276,"date":"2017-04-02T12:27:52","date_gmt":"2017-04-02T12:27:52","guid":{"rendered":"http:\/\/www.iliskikocubal.com\/site\/?page_id=276"},"modified":"2017-04-04T07:24:30","modified_gmt":"2017-04-04T07:24:30","slug":"gizlilik","status":"publish","type":"page","link":"https:\/\/www.iliskikocubal.com\/site\/gizlilik\/","title":{"rendered":"Gizlilik"},"content":{"rendered":"<p>iliskikocubal sitemizin \u00fczerinden olu\u015fturdu\u011funuz \u00fcyeli\u011fe ait bilgiler asla sat\u0131lmaz, kiralanmaz ya da ba\u015fka bir kurum ya da kurulu\u015f ile kar\u015f\u0131l\u0131kl\u0131 de\u011fi\u015ftirilmez. Bu &#8216;Gizlilik Politikas\u0131&#8217; metninde yer alan maddeler haricinde hi\u00e7bir \u015fekilde \u00fc\u00e7\u00fcnc\u00fc \u015fah\u0131slarla payla\u015f\u0131lmaz.<br \/>\niliskikocubal kay\u0131tl\u0131 kullan\u0131c\u0131lar\u0131na ait e-posta, telefon numaras\u0131 gibi ileti\u015fim bilgilerini Sitesinde yay\u0131nlamaz, kullan\u0131c\u0131 aksini belirtmediyse hi\u00e7bir i\u015f orta\u011f\u0131, \u015firket, kurum ya da di\u011fer kurulu\u015fla payla\u015fmaz.<br \/>\niliskikocubal kullan\u0131c\u0131lar aras\u0131ndaki yaz\u0131\u015fmalar\u0131 di\u011fer kullan\u0131c\u0131lara a\u00e7maz.<\/p>\n<p>Ki\u015fisel bilgilerinizi ancak Kullan\u0131m Ko\u015fullar\u0131nda kabul etti\u011finiz kurallar \u00e7er\u00e7evesinde yasal merciler talep ederse bilgisi verilebilir.<br \/>\nKi\u015fisel bilgiler genel kullan\u0131ma a\u00e7\u0131k olmayan g\u00fcvenli bir ortamda saklan\u0131r. iliskikocubal bilgilerinizi korumak i\u00e7in en g\u00fcncel teknoloji standartlar\u0131n\u0131 kullanmaktad\u0131r.<br \/>\niliskikocubal bu metin i\u00e7indeki her t\u00fcrl\u00fc bilgiyi de\u011fi\u015ftirme hakk\u0131n\u0131 sakl\u0131 tutar. Bu siteyi kullanarak bu &#8220;Gizlilik Bildirimi&#8221;n de yap\u0131lacak her t\u00fcrl\u00fc d\u00fczenleme ve de\u011fi\u015fiklik kullan\u0131c\u0131 taraf\u0131ndan kabul edilmi\u015f say\u0131l\u0131r.<\/p>\n","protected":false},"excerpt":{"rendered":"<p>iliskikocubal sitemizin \u00fczerinden olu\u015fturdu\u011funuz \u00fcyeli\u011fe ait bilgiler asla sat\u0131lmaz, kiralanmaz ya da ba\u015fka bir kurum ya da kurulu\u015f ile kar\u015f\u0131l\u0131kl\u0131 de\u011fi\u015ftirilmez. Bu &#8216;Gizlilik Politikas\u0131&#8217; metninde yer alan maddeler haricinde hi\u00e7bir \u015fekilde \u00fc\u00e7\u00fcnc\u00fc \u015fah\u0131slarla payla\u015f\u0131lmaz. iliskikocubal kay\u0131tl\u0131 kullan\u0131c\u0131lar\u0131na ait e-posta, telefon numaras\u0131 gibi ileti\u015fim bilgilerini Sitesinde yay\u0131nlamaz, kullan\u0131c\u0131 aksini belirtmediyse hi\u00e7bir&#8230;<\/p>\n","protected":false},"author":1,"featured_media":0,"parent":0,"menu_order":0,"comment_status":"closed","ping_status":"closed","template":"","meta":{"_exactmetrics_skip_tracking":false,"_exactmetrics_sitenote_active":false,"_exactmetrics_sitenote_note":"","_exactmetrics_sitenote_category":0,"footnotes":""},"class_list":["post-276","page","type-page","status-publish","hentry"],"_links":{"self":[{"href":"https:\/\/www.iliskikocubal.com\/site\/wp-json\/wp\/v2\/pages\/276","targetHints":{"allow":["GET"]}}],"collection":[{"href":"https:\/\/www.iliskikocubal.com\/site\/wp-json\/wp\/v2\/pages"}],"about":[{"href":"https:\/\/www.iliskikocubal.com\/site\/wp-json\/wp\/v2\/types\/page"}],"author":[{"embeddable":true,"href":"https:\/\/www.iliskikocubal.com\/site\/wp-json\/wp\/v2\/users\/1"}],"replies":[{"embeddable":true,"href":"https:\/\/www.iliskikocubal.com\/site\/wp-json\/wp\/v2\/comments?post=276"}],"version-history":[{"count":2,"href":"https:\/\/www.iliskikocubal.com\/site\/wp-json\/wp\/v2\/pages\/276\/revisions"}],"predecessor-version":[{"id":363,"href":"https:\/\/www.iliskikocubal.com\/site\/wp-json\/wp\/v2\/pages\/276\/revisions\/363"}],"wp:attachment":[{"href":"https:\/\/www.iliskikocubal.com\/site\/wp-json\/wp\/v2\/media?parent=276"}],"curies":[{"name":"wp","href":"https:\/\/api.w.org\/{rel}","templated":true}]}}