{"id":278,"date":"2017-04-02T12:28:06","date_gmt":"2017-04-02T12:28:06","guid":{"rendered":"http:\/\/www.iliskikocubal.com\/site\/?page_id=278"},"modified":"2017-04-04T07:26:04","modified_gmt":"2017-04-04T07:26:04","slug":"hizmet-sartlari","status":"publish","type":"page","link":"https:\/\/www.iliskikocubal.com\/site\/hizmet-sartlari\/","title":{"rendered":"Hizmet \u015eartlar\u0131"},"content":{"rendered":"<p>\u0130L\u0130SK\u0130KOCUBAL ve KULLANICI, hukuken tamamen ba\u011f\u0131ms\u0131z taraflard\u0131r. Bu iki ba\u011f\u0131ms\u0131z taraf aras\u0131nda herhangi bir i\u015f ortakl\u0131\u011f\u0131 ve\/veya i\u015f\u00e7i\/i\u015fveren ili\u015fkisi bulunmamaktad\u0131r.<\/p>\n<p>KULLANICI site veya uygulama \u00fczerindeki interaktif alanlar yoluyla su\u00e7 te\u015fkil edecek, yasal a\u00e7\u0131dan takip gerektirecek; yerel ve ulusal yasalara ya da uluslararas\u0131 anla\u015fmalara ters d\u00fc\u015fecek bir durum yaratan ya da b\u00f6yle durumlar\u0131 te\u015fvik eden, hi\u00e7bir t\u00fcr yasad\u0131\u015f\u0131, tehditkar, rahats\u0131z edici, hakaret, k\u00fcf\u00fcr i\u00e7eren, k\u00fc\u00e7\u00fck d\u00fc\u015f\u00fcr\u00fcc\u00fc, kaba, pornografik, rahats\u0131z edici ya da ahlaka ayk\u0131r\u0131 bilgi postalayamaz ya da iletemez.<\/p>\n<p>KULLANICI,iliskikocubal sitesinde ve uygulamas\u0131nda yay\u0131mlad\u0131\u011f\u0131, payla\u015ft\u0131\u011f\u0131 i\u00e7eriklerden 26\/9\/2004 tarihli ve 5237 say\u0131l\u0131 T\u00fcrk Ceza kanununda, ilgili mevzuaata yer alan ve a\u015fa\u011f\u0131da s\u0131ralanm\u0131\u015f h\u00fck\u00fcmler \u00e7er\u00e7evesinde sorumludur:<\/p>\n<p>\u0130ntihara Y\u00f6nlendirme: Ba\u015fkas\u0131n\u0131 intihara azmettirmek, te\u015fvik etmek, ba\u015fkas\u0131n\u0131n intihar karar\u0131n\u0131 kuvvetlendirmek su\u00e7tur ve kabul edilemez.<br \/>\n* \u00c7ocuklar\u0131n Cinsel \u0130stismar\u0131: on sekiz ya\u015f\u0131n\u0131 tamamlamam\u0131\u015f veya tamamlam\u0131\u015f olmakla birlikte fiilin hukuki anlam ve sonu\u00e7lar\u0131n\u0131 alg\u0131lama yetene\u011fi geli\u015fmemi\u015f olan \u00e7ocuklara kar\u015f\u0131 ger\u00e7ekle\u015ftirilen her t\u00fcrl\u00fc cinsel davran\u0131\u015f; di\u011fer \u00e7ocuklara kar\u015f\u0131 sadece cebir, tehdit, hile veya iradeyi etkileyen ba\u015fka bir nedene dayal\u0131 olarak ger\u00e7ekle\u015ftirilen cinsel davran\u0131\u015flar su\u00e7tur ve kabul edilemez.<br \/>\n* Uyu\u015fturucu veya Uyar\u0131c\u0131 Madde Kullan\u0131lmas\u0131n\u0131 Kolayla\u015ft\u0131rma: Uyu\u015fturucu veya uyar\u0131c\u0131 madde kullan\u0131lmas\u0131n\u0131 kolayla\u015ft\u0131rmak amac\u0131yla \u00f6zel yer, donan\u0131m veya malzeme sa\u011flayan, kullanma y\u00f6ntemleri konusunda ba\u015fkalar\u0131na bilgi vermek su\u00e7tur ve kabul edilemez.<br \/>\n* Sa\u011fl\u0131k i\u00e7in Tehlikeli Madde Temini: Sa\u011fl\u0131k i\u00e7in tehlike olu\u015fturabilecek maddeleri \u00e7ocuklara, ak\u0131l hastalar\u0131na veya u\u00e7ucu madde kullananlara vermek su\u00e7tur ve kabul edilemez.<br \/>\n* M\u00fcstehcenlik: M\u00fcstehcen g\u00f6r\u00fcnt\u00fclerin, yaz\u0131 veya s\u00f6zlerin, i\u00e7eri\u011fin yay\u0131mlanmas\u0131, payla\u015f\u0131lmas\u0131 su\u00e7tur ve kabul edilemez.<br \/>\n* Fuhu\u015f: Bir \u00e7ocu\u011fu, bir kimseyi fuhu\u015fa te\u015fvik etmek, bunun yolunu kolayla\u015ft\u0131rmak, arac\u0131l\u0131k etmek su\u00e7tur ve kabul edilemez.<br \/>\n* Kumar Oynanmas\u0131 \u0130\u00e7in Yer ve \u0130mk\u00e2n Sa\u011flama: \u00c7ocuklar\u0131n, ki\u015filerin kumar oynamas\u0131 i\u00e7in yer ve imk\u00e2n sa\u011flamak su\u00e7tur ve kabul edilemez.<br \/>\n* Atat\u00fcrk Aleyhine \u0130\u015flenen Su\u00e7lar: Atat\u00fcrk&#8217;\u00fcn hat\u0131ras\u0131na alenen hakaret etmek veya s\u00f6vmek su\u00e7tur ve kabul edilemez.<br \/>\niliskikocubal\u00a0 \u00fczerinden kurulan arkada\u015fl\u0131klarda ve ili\u015fkilerde sorumluluk tamamen KULLANICIlara aittir. iliskikocubal t\u00fcm ziyaret\u00e7ilerine, ki\u015fisel bilgilerini a\u00e7\u0131klama konusunda maksimum dikkat g\u00f6stermesini ve payla\u015fmamas\u0131n\u0131 \u00f6nerir.<br \/>\n\u0130L\u0130SK\u0130KOCUBAL hi\u00e7bir \u201cYorumcunun\u201d davran\u0131\u015flar\u0131ndan sorumlu de\u011fildir. Hi\u00e7bir ko\u015fulda sitenin kullan\u0131m\u0131, i\u00e7eri\u011fi, online ya da offline konumda olsunlar \u00fcyeler aras\u0131ndaki ileti\u015fim ve etkile\u015fimden do\u011fan sonu\u00e7lardan kay\u0131p, hasar, zarar, \u00f6l\u00fcm, vs. dahi olsa sorumlu de\u011fildir.<br \/>\n\u0130L\u0130SK\u0130KOCUBAL sitesi i\u00e7eri\u011findeki yorum bilgileri hayal g\u00fcc\u00fc ile \u00fcretilmi\u015ftir, do\u011fruluk i\u00e7ermemektedir, herhangi bir \u015fekilde gelecekten haber vermez, sohbet ve e\u011flence ama\u00e7l\u0131 olarak \u201cYorumcular\u0131n\u201d ki\u015fisel yorumlar\u0131yla olu\u015fturduklar\u0131 i\u00e7erikten ibarettir. Yorumcular\u0131n sundu\u011fu i\u00e7erik \u00e7ocuklar ve zihinsel yeterlili\u011fi olmayanlar i\u00e7in sak\u0131ncal\u0131 olabilir.<br \/>\n\u0130L\u0130SK\u0130KOCUBAL&#8217;\u0131n iptal etti\u011fi veya \u00fcyelikleri s\u00f6zle\u015fme maddeleri gere\u011fince iptal edilen KULLANICI&#8217; lar\u0131n \u00fcyelik bilgileri \u0130L\u0130SK\u0130KOCUBAL taraf\u0131ndan saklanacakt\u0131r<\/p>\n","protected":false},"excerpt":{"rendered":"<p>\u0130L\u0130SK\u0130KOCUBAL ve KULLANICI, hukuken tamamen ba\u011f\u0131ms\u0131z taraflard\u0131r. Bu iki ba\u011f\u0131ms\u0131z taraf aras\u0131nda herhangi bir i\u015f ortakl\u0131\u011f\u0131 ve\/veya i\u015f\u00e7i\/i\u015fveren ili\u015fkisi bulunmamaktad\u0131r. KULLANICI site veya uygulama \u00fczerindeki interaktif alanlar yoluyla su\u00e7 te\u015fkil edecek, yasal a\u00e7\u0131dan takip gerektirecek; yerel ve ulusal yasalara ya da uluslararas\u0131 anla\u015fmalara ters d\u00fc\u015fecek bir durum yaratan ya da&#8230;<\/p>\n","protected":false},"author":1,"featured_media":0,"parent":0,"menu_order":0,"comment_status":"closed","ping_status":"closed","template":"","meta":{"_exactmetrics_skip_tracking":false,"_exactmetrics_sitenote_active":false,"_exactmetrics_sitenote_note":"","_exactmetrics_sitenote_category":0,"footnotes":""},"class_list":["post-278","page","type-page","status-publish","hentry"],"_links":{"self":[{"href":"https:\/\/www.iliskikocubal.com\/site\/wp-json\/wp\/v2\/pages\/278","targetHints":{"allow":["GET"]}}],"collection":[{"href":"https:\/\/www.iliskikocubal.com\/site\/wp-json\/wp\/v2\/pages"}],"about":[{"href":"https:\/\/www.iliskikocubal.com\/site\/wp-json\/wp\/v2\/types\/page"}],"author":[{"embeddable":true,"href":"https:\/\/www.iliskikocubal.com\/site\/wp-json\/wp\/v2\/users\/1"}],"replies":[{"embeddable":true,"href":"https:\/\/www.iliskikocubal.com\/site\/wp-json\/wp\/v2\/comments?post=278"}],"version-history":[{"count":2,"href":"https:\/\/www.iliskikocubal.com\/site\/wp-json\/wp\/v2\/pages\/278\/revisions"}],"predecessor-version":[{"id":364,"href":"https:\/\/www.iliskikocubal.com\/site\/wp-json\/wp\/v2\/pages\/278\/revisions\/364"}],"wp:attachment":[{"href":"https:\/\/www.iliskikocubal.com\/site\/wp-json\/wp\/v2\/media?parent=278"}],"curies":[{"name":"wp","href":"https:\/\/api.w.org\/{rel}","templated":true}]}}