{"id":280,"date":"2017-04-02T12:28:31","date_gmt":"2017-04-02T12:28:31","guid":{"rendered":"http:\/\/www.iliskikocubal.com\/site\/?page_id=280"},"modified":"2017-04-04T07:27:20","modified_gmt":"2017-04-04T07:27:20","slug":"iptal-iade-kosullari","status":"publish","type":"page","link":"https:\/\/www.iliskikocubal.com\/site\/iptal-iade-kosullari\/","title":{"rendered":"\u0130ptal \/ \u0130ade ko\u015fullar\u0131"},"content":{"rendered":"<p>Sizlere insan odakl\u0131 ve ki\u015fisel bir hizmet sundu\u011fumuz i\u00e7in kimi zaman yorumlar\u0131m\u0131z sizin beklentinizi kar\u015f\u0131lamayabiliyor. Lakin, memnuniyetiniz \u0130L\u0130SK\u0130KOCUBAL ailesinin g\u00fcvencesi alt\u0131ndad\u0131r.<\/p>\n<p>Sizlerin memnuniyetini en \u00fcst seviyede tutmak i\u00e7in \u00e7al\u0131\u015fmalar\u0131m\u0131za devam ederken, \u0130L\u0130SK\u0130KOCUBAL yorumcular\u0131n\u0131n \u00e7al\u0131\u015fma ko\u015fullar\u0131 ve memnuniyeti hizmetimizin oda\u011f\u0131ndad\u0131r. Bu sebeple, do\u011fabilecek sorunlarda, elimizden geldi\u011fi s\u00fcrece her iki taraf\u0131nda memnun olaca\u011f\u0131 \u00e7\u00f6z\u00fcm\u00fc \u00fcretmeye \u00e7al\u0131\u015faca\u011f\u0131z.<\/p>\n<p>\u0130L\u0130SK\u0130KOCUBAL sisteminde teknik sorunlar haricinde hem sistemsel hemde i\u015fletimsel nedenlerden \u00f6t\u00fcr\u00fc iade yap\u0131lamamaktad\u0131r. Mobil \u00f6demede iade sistemi bulunmad\u0131\u011f\u0131ndan al\u0131nan \u00fccretler kulan\u0131c\u0131lara geri verilememektedir.<br \/>\n\u0130L\u0130SK\u0130KOCUBAL m\u00fc\u015fteri memnuniyetine son derece \u00f6nem verir ve memnuniyeti hat safhada tutmak ve kullan\u0131c\u0131lara yard\u0131mc\u0131 olmak i\u00e7in elinden geleni yapacakt\u0131r. \u0130L\u0130SK\u0130KOCUBAL bu gibi durumlarda di\u011fer servislerini kullanarak bu memnuniyeti sa\u011flamaya \u00e7al\u0131\u015facakt\u0131r.<br \/>\n\u0130L\u0130SK\u0130KOCUBAL &#8216;da sunulan hizmetlerden belirli bir bedel \u00f6deyerek ya da bedelsiz olarak yararlananlar veya herhangi bir \u015fekilde Site&#8217;ye eri\u015fim sa\u011flayan her ger\u00e7ek ve t\u00fczel ki\u015fi, kullan\u0131m ko\u015fullar\u0131n\u0131 kabul etmi\u015f say\u0131lmaktad\u0131r.<\/p>\n<p>Site hizmetlerinden yararlanan ve Site&#8217;ye eri\u015fim sa\u011flayan her ger\u00e7ek ve t\u00fczel ki\u015fi, \u0130L\u0130SK\u0130KOCUBAL taraf\u0131ndan i\u015f bu Site Kullan\u0131m Ko\u015fullar\u0131 h\u00fck\u00fcmlerinde yap\u0131lan her de\u011fi\u015fikli\u011fi \u00f6nceden kabul etmi\u015f say\u0131lmaktad\u0131r.<\/p>\n","protected":false},"excerpt":{"rendered":"<p>Sizlere insan odakl\u0131 ve ki\u015fisel bir hizmet sundu\u011fumuz i\u00e7in kimi zaman yorumlar\u0131m\u0131z sizin beklentinizi kar\u015f\u0131lamayabiliyor. Lakin, memnuniyetiniz \u0130L\u0130SK\u0130KOCUBAL ailesinin g\u00fcvencesi alt\u0131ndad\u0131r. Sizlerin memnuniyetini en \u00fcst seviyede tutmak i\u00e7in \u00e7al\u0131\u015fmalar\u0131m\u0131za devam ederken, \u0130L\u0130SK\u0130KOCUBAL yorumcular\u0131n\u0131n \u00e7al\u0131\u015fma ko\u015fullar\u0131 ve memnuniyeti hizmetimizin oda\u011f\u0131ndad\u0131r. Bu sebeple, do\u011fabilecek sorunlarda, elimizden geldi\u011fi s\u00fcrece her iki taraf\u0131nda memnun&#8230;<\/p>\n","protected":false},"author":1,"featured_media":0,"parent":0,"menu_order":0,"comment_status":"closed","ping_status":"closed","template":"","meta":{"_exactmetrics_skip_tracking":false,"_exactmetrics_sitenote_active":false,"_exactmetrics_sitenote_note":"","_exactmetrics_sitenote_category":0,"footnotes":""},"class_list":["post-280","page","type-page","status-publish","hentry"],"_links":{"self":[{"href":"https:\/\/www.iliskikocubal.com\/site\/wp-json\/wp\/v2\/pages\/280","targetHints":{"allow":["GET"]}}],"collection":[{"href":"https:\/\/www.iliskikocubal.com\/site\/wp-json\/wp\/v2\/pages"}],"about":[{"href":"https:\/\/www.iliskikocubal.com\/site\/wp-json\/wp\/v2\/types\/page"}],"author":[{"embeddable":true,"href":"https:\/\/www.iliskikocubal.com\/site\/wp-json\/wp\/v2\/users\/1"}],"replies":[{"embeddable":true,"href":"https:\/\/www.iliskikocubal.com\/site\/wp-json\/wp\/v2\/comments?post=280"}],"version-history":[{"count":2,"href":"https:\/\/www.iliskikocubal.com\/site\/wp-json\/wp\/v2\/pages\/280\/revisions"}],"predecessor-version":[{"id":365,"href":"https:\/\/www.iliskikocubal.com\/site\/wp-json\/wp\/v2\/pages\/280\/revisions\/365"}],"wp:attachment":[{"href":"https:\/\/www.iliskikocubal.com\/site\/wp-json\/wp\/v2\/media?parent=280"}],"curies":[{"name":"wp","href":"https:\/\/api.w.org\/{rel}","templated":true}]}}