{"id":101156,"date":"2020-10-20T07:45:23","date_gmt":"2020-10-20T07:45:23","guid":{"rendered":"https:\/\/www.iliskikocubal.com\/site\/?post_type=product&#038;p=101156"},"modified":"2026-04-28T06:19:43","modified_gmt":"2026-04-28T06:19:43","slug":"recete","status":"publish","type":"product","link":"https:\/\/www.iliskikocubal.com\/site\/urun\/recete\/","title":{"rendered":"Ki\u015fiye \u00d6zel Form\u00fcl Dan\u0131\u015fmanl\u0131\u011f\u0131"},"content":{"rendered":"<p>Son 3 y\u0131ld\u0131r, \u00f6zellikle zikirlerle tan\u0131\u015fmam\u0131z\u0131n ard\u0131ndan hayat\u0131mda iyi y\u00f6nde \u00e7ok \u015fey de\u011fi\u015fti.<\/p>\n<p>Sizlerde ve kendimizde bunun etkilerini g\u00f6rd\u00fck\u00e7e, daha da yo\u011funla\u015f\u0131r olduk.<\/p>\n<p>E\u015fim ve ben, ikimizin olu\u015fturdu\u011fu form\u00fcller niyet yolunda vesileler olu\u015fturdu. Bunlar\u0131 fark ettik\u00e7e, sizlerden tamamen ki\u015fiye \u00f6zel bir form\u00fcl\u00fcn de sunulmas\u0131 gerekti\u011fi s\u00f6ylemini ald\u0131k.<\/p>\n<p>Size hem dosya halinde, hem de sesimle \u00fczerinden ge\u00e7ti\u011fim kapsaml\u0131 bir analiz sunaca\u011f\u0131z.<\/p>\n<p>Ne bir eksik, ne de bir fazla yap\u0131lmal\u0131d\u0131r. Tam olmal\u0131d\u0131r ki t\u0131pki bir anahtar\u0131n di\u015fleriyle kap\u0131y\u0131 a\u00e7mas\u0131 gibi, yerle\u015fmelidir.<\/p>\n<p>\u00d6rne\u011fin : Niyetiniz i\u015finizde bereket olabilir. Veya a\u015fk hayat\u0131n\u0131zda k\u0131smetlerin gelmesi olabilir. Veya yans\u0131man\u0131z, duru\u015funuz, ba\u015far\u0131, kendinizde a\u015fmak istedi\u011finiz bir durum, ilham\u0131n gelmesi, karars\u0131z kald\u0131\u011f\u0131n\u0131z durumlar i\u00e7in olabilir.<\/p>\n<p>T\u0131bbi bir anlam i\u00e7ermemektedir. Psikolojik, t\u0131bbi tedavi, te\u015fhis, kesinlik i\u00e7ermez. &#8216;Form\u00fcl&#8217; kelimesi enerjisel olarak fark\u0131ndal\u0131k ve yolu a\u00e7makta anahtar olmaya yard\u0131mc\u0131 anlam\u0131ndad\u0131r.<\/p>\n","protected":false},"excerpt":{"rendered":"<p>KOTA \u015eU AN A\u00c7IKTIR. Haz\u0131rl\u0131\u011f\u0131 ciddi zaman\u0131m\u0131 ve enerjimi ald\u0131\u011f\u0131 i\u00e7in, \u00e7ok az ki\u015filik a\u00e7\u0131yorum.<\/p>\n<p><strong>Ki\u015fiye \u00d6zel Form\u00fcl Dan\u0131\u015fmanl\u0131\u011f\u0131.<\/strong><\/p>\n<p>1 Niyet belirleyin. Bu niyetiniz ile ilgili besleyici ve destekleyici analiz sunaca\u011f\u0131m.<\/p>\n<p>Yararland\u0131\u011f\u0131m Y\u00f6ntemler : Ebced hesab\u0131, Kader matriksi, Numeroloji, \u0130lm al-Huruf, E\u015fimle olu\u015fturdu\u011fumuz kendi form\u00fcllerimizdir.<\/p>\n<p>Do\u011fum tarihiniz ve yeriniz \u015fartt\u0131r, saatiniz \u015fart de\u011fildir.<\/p>\n<p>Tamamen \u015fahs\u0131n\u0131za \u00f6zel haz\u0131rlanacakt\u0131r. Haz\u0131rlanma s\u00fcresi maksimum 10 g\u00fcnd\u00fcr.<\/p>\n<p><strong>Bazen bir vesile gerekebilir, bu vesile olmaya niyet ediyorum.<\/strong><\/p>\n","protected":false},"featured_media":309558,"template":"","meta":{"_exactmetrics_skip_tracking":false,"_exactmetrics_sitenote_active":false,"_exactmetrics_sitenote_note":"","_exactmetrics_sitenote_category":0},"product_brand":[],"product_cat":[33],"product_tag":[],"class_list":{"0":"post-101156","1":"product","2":"type-product","3":"status-publish","4":"has-post-thumbnail","6":"product_cat-manevi-recete","7":"tm-has-options","9":"first","10":"instock","11":"virtual","12":"purchasable","13":"product-type-simple"},"_links":{"self":[{"href":"https:\/\/www.iliskikocubal.com\/site\/wp-json\/wp\/v2\/product\/101156","targetHints":{"allow":["GET"]}}],"collection":[{"href":"https:\/\/www.iliskikocubal.com\/site\/wp-json\/wp\/v2\/product"}],"about":[{"href":"https:\/\/www.iliskikocubal.com\/site\/wp-json\/wp\/v2\/types\/product"}],"wp:featuredmedia":[{"embeddable":true,"href":"https:\/\/www.iliskikocubal.com\/site\/wp-json\/wp\/v2\/media\/309558"}],"wp:attachment":[{"href":"https:\/\/www.iliskikocubal.com\/site\/wp-json\/wp\/v2\/media?parent=101156"}],"wp:term":[{"taxonomy":"product_brand","embeddable":true,"href":"https:\/\/www.iliskikocubal.com\/site\/wp-json\/wp\/v2\/product_brand?post=101156"},{"taxonomy":"product_cat","embeddable":true,"href":"https:\/\/www.iliskikocubal.com\/site\/wp-json\/wp\/v2\/product_cat?post=101156"},{"taxonomy":"product_tag","embeddable":true,"href":"https:\/\/www.iliskikocubal.com\/site\/wp-json\/wp\/v2\/product_tag?post=101156"}],"curies":[{"name":"wp","href":"https:\/\/api.w.org\/{rel}","templated":true}]}}