{"id":103267,"date":"2020-11-30T12:48:32","date_gmt":"2020-11-30T12:48:32","guid":{"rendered":"https:\/\/www.iliskikocubal.com\/site\/?post_type=product&#038;p=103267"},"modified":"2026-02-18T05:14:14","modified_gmt":"2026-02-18T05:14:14","slug":"kutle-ametist-tasi","status":"publish","type":"product","link":"https:\/\/www.iliskikocubal.com\/site\/urun\/kutle-ametist-tasi\/","title":{"rendered":"K\u00fctle Ametist Ta\u015f\u0131"},"content":{"rendered":"","protected":false},"excerpt":{"rendered":"<p><b>L\u00dcTFEN \u0130L VE \u0130L\u00c7E B\u0130LG\u0130S\u0130 UNUTMAYIN \ud83d\ude42\u00a0<\/b><\/p>\n<p>T\u00dcKENM\u0130\u015eT\u0130R<br \/>\nSodalit Ta\u015f\u0131 hediyemizdir. Ev veya i\u015f yerleriniz i\u00e7in kullan\u0131ma uygundur.<br \/>\n.<\/p>\n<p>Brezilya madenlerinden \u00e7\u0131kan %100 Ger\u00e7ek Do\u011fal bir ta\u015ft\u0131r.<br \/>\nBu bir biblo de\u011fildir, do\u011fal enerji kayna\u011f\u0131d\u0131r, etkisini kulland\u0131k\u00e7a g\u00f6receksinizdir.<\/p>\n<p>Fiyatlar\u0131m\u0131za KDV dahildir, Yurti\u00e7i Kargo \u00dccretsizdir. 1-3 i\u015f g\u00fcn\u00fc i\u00e7inde kargoya verilir.<\/p>\n<p>Ta\u015f sahibini \u00e7eker.<\/p>\n<p>\u0130\u00e7inden kullan\u0131m ve n\u00f6trleme bilgi kart\u0131 \u00e7\u0131kmaktad\u0131r.<\/p>\n<p>Eski y\u0131llardan beri bilinen \u00f6zelli\u011fi : \u015eans\u0131, bereketi, f\u0131rsat\u0131 \u00e7eker. Negatif enerjiyi (nazar\u0131) emerek, sizden uzakla\u015ft\u0131r\u0131r.<\/p>\n<p>Sadece sizin dokunman\u0131z gerekir. Ba\u015fkas\u0131 dokunursa, n\u00f6trleme yap\u0131n\u0131z.<\/p>\n<p>Do\u011fal Ta\u015flar ile ilgili Whatsapp Hatt\u0131m\u0131z : 5312492287 Esma Han\u0131md\u0131r<\/p>\n","protected":false},"featured_media":232820,"template":"","meta":{"_exactmetrics_skip_tracking":false,"_exactmetrics_sitenote_active":false,"_exactmetrics_sitenote_note":"","_exactmetrics_sitenote_category":0},"product_brand":[],"product_cat":[34],"product_tag":[],"class_list":{"0":"post-103267","1":"product","2":"type-product","3":"status-publish","4":"has-post-thumbnail","6":"product_cat-taslar","7":"tm-no-options","9":"first","10":"outofstock","11":"shipping-taxable","12":"purchasable","13":"product-type-simple"},"_links":{"self":[{"href":"https:\/\/www.iliskikocubal.com\/site\/wp-json\/wp\/v2\/product\/103267","targetHints":{"allow":["GET"]}}],"collection":[{"href":"https:\/\/www.iliskikocubal.com\/site\/wp-json\/wp\/v2\/product"}],"about":[{"href":"https:\/\/www.iliskikocubal.com\/site\/wp-json\/wp\/v2\/types\/product"}],"wp:featuredmedia":[{"embeddable":true,"href":"https:\/\/www.iliskikocubal.com\/site\/wp-json\/wp\/v2\/media\/232820"}],"wp:attachment":[{"href":"https:\/\/www.iliskikocubal.com\/site\/wp-json\/wp\/v2\/media?parent=103267"}],"wp:term":[{"taxonomy":"product_brand","embeddable":true,"href":"https:\/\/www.iliskikocubal.com\/site\/wp-json\/wp\/v2\/product_brand?post=103267"},{"taxonomy":"product_cat","embeddable":true,"href":"https:\/\/www.iliskikocubal.com\/site\/wp-json\/wp\/v2\/product_cat?post=103267"},{"taxonomy":"product_tag","embeddable":true,"href":"https:\/\/www.iliskikocubal.com\/site\/wp-json\/wp\/v2\/product_tag?post=103267"}],"curies":[{"name":"wp","href":"https:\/\/api.w.org\/{rel}","templated":true}]}}