{"id":103765,"date":"2020-12-12T15:08:12","date_gmt":"2020-12-12T15:08:12","guid":{"rendered":"https:\/\/www.iliskikocubal.com\/site\/?post_type=product&#038;p=103765"},"modified":"2026-04-24T10:32:43","modified_gmt":"2026-04-24T10:32:43","slug":"frekanscalismasi","status":"publish","type":"product","link":"https:\/\/www.iliskikocubal.com\/site\/urun\/frekanscalismasi\/","title":{"rendered":"Kolektif Frekans \u00c7al\u0131\u015fmas\u0131"},"content":{"rendered":"<p>Ba\u015flang\u0131\u00e7 : Astrolojik olarak konuya en uygun g\u00fcn olan 12 May\u0131s&#8217;d\u0131r. 7 G\u00fcnd\u00fcr, 1 g\u00fcn soru cevap yapaca\u011f\u0131z. Her \u015fey 1 sene kal\u0131r, en az\u0131ndan 3 g\u00fcn\u00fc beraber yap\u0131yor olmam\u0131z\u0131 isterim.<\/p>\n<p>Telegram \u00fczerindendir.<\/p>\n<p>Kendi y\u00f6ntemlerimiz ile \u00fcretti\u011fimiz esma ve ayet zikirleri i\u00e7eren form\u00fcl\u00fc, konuya uygun olarak sunaca\u011f\u0131z. G\u00fcn\u00fcn konu ba\u015fl\u0131klar\u0131 g\u00fcnd\u00fcz yollanacak, Her g\u00fcn ak\u015fam saatlerinde 22.00den sonra meditasyon ve \u00e7al\u0131\u015fmam\u0131z olacak. O an m\u00fcsait olmasan\u0131z bile, sonras\u0131nda yapabileceksiniz.<\/p>\n<p><strong>Kimler kat\u0131labilir ? : &#8216;Aram\u0131zda sanki kopukluk var&#8217; diyorsan\u0131z, gerek tutum hatalar\u0131ndan gerek nazardan gerekse d\u0131\u015f etkenlerden olmas\u0131 gereken tatminlik sa\u011flanam\u0131yorsa ba\u011f kuvvetlendirme \u00e7al\u0131\u015fmas\u0131 devreye girecektir.<\/strong><\/p>\n<p>A\u015fk \u00fczerinden ilerleyece\u011fiz, hayat\u0131nda ki\u015fi olmayanlar do\u011fru insana niyet ederek de yapabilir. Tortular\u0131n kalkmas\u0131, yolun akmas\u0131 amac\u0131nday\u0131z.<\/p>\n<p>Adres fatura i\u00e7in istenir, \u015fehir de yazsan\u0131z yeterlidir. Eve bir \u015fey gelmez.<br \/>\nHedefimiz : Kolektif olarak, hepimizin ayn\u0131 ama\u00e7 ile bir arada olmas\u0131n\u0131 avantaja \u00e7evirerek, bu frekans ile y\u00fckseltme sa\u011flamakt\u0131r.<br \/>\nBu bir psikoterapi\/seans de\u011fildir, kolektif frekans \u00e7al\u0131\u015fmas\u0131d\u0131r. Psikolojik, t\u0131bbi tedavi, te\u015fhis, kesinlik i\u00e7ermez.<\/p>\n","protected":false},"excerpt":{"rendered":"<p><strong>ARANIZDAK\u0130 BA\u011eI KUVVETLEND\u0130R<\/strong><\/p>\n<p>Yo\u011fun istek \u00fczerine, yeniden beraberce yap\u0131yoruz.<\/p>\n<p>Kolektif olarak ilerleyece\u011fiz, ki\u015fi \u00fczerinden yap\u0131labiliyor, aran\u0131zdaki t\u0131kan\u0131kl\u0131\u011f\u0131n gitmesi ve ba\u011f\u0131n kuvvetlenmesi amac\u0131ylad\u0131r.<\/p>\n<p><strong>!!! L\u00dcTFEN OKUYUN !!! :<\/strong> Kay\u0131t olu\u015fturdu\u011funuzda, en son sayfada biraz bekleyin, kar\u015f\u0131n\u0131za size \u00f6zel davetiyeniz (turuncu renkte) \u00e7\u0131kacak. Ona t\u0131klay\u0131p, otomatik olarak gruba al\u0131nacaks\u0131n\u0131z \ud83d\ude42 Telegram uygulamas\u0131n\u0131 y\u00fckledi\u011finizden emin olun.<\/p>\n","protected":false},"featured_media":321786,"template":"","meta":{"_exactmetrics_skip_tracking":false,"_exactmetrics_sitenote_active":false,"_exactmetrics_sitenote_note":"","_exactmetrics_sitenote_category":0},"product_brand":[],"product_cat":[33],"product_tag":[],"class_list":{"0":"post-103765","1":"product","2":"type-product","3":"status-publish","4":"has-post-thumbnail","6":"product_cat-manevi-recete","7":"tm-no-options","9":"first","10":"instock","11":"virtual","12":"sold-individually","13":"purchasable","14":"product-type-simple"},"_links":{"self":[{"href":"https:\/\/www.iliskikocubal.com\/site\/wp-json\/wp\/v2\/product\/103765","targetHints":{"allow":["GET"]}}],"collection":[{"href":"https:\/\/www.iliskikocubal.com\/site\/wp-json\/wp\/v2\/product"}],"about":[{"href":"https:\/\/www.iliskikocubal.com\/site\/wp-json\/wp\/v2\/types\/product"}],"wp:featuredmedia":[{"embeddable":true,"href":"https:\/\/www.iliskikocubal.com\/site\/wp-json\/wp\/v2\/media\/321786"}],"wp:attachment":[{"href":"https:\/\/www.iliskikocubal.com\/site\/wp-json\/wp\/v2\/media?parent=103765"}],"wp:term":[{"taxonomy":"product_brand","embeddable":true,"href":"https:\/\/www.iliskikocubal.com\/site\/wp-json\/wp\/v2\/product_brand?post=103765"},{"taxonomy":"product_cat","embeddable":true,"href":"https:\/\/www.iliskikocubal.com\/site\/wp-json\/wp\/v2\/product_cat?post=103765"},{"taxonomy":"product_tag","embeddable":true,"href":"https:\/\/www.iliskikocubal.com\/site\/wp-json\/wp\/v2\/product_tag?post=103765"}],"curies":[{"name":"wp","href":"https:\/\/api.w.org\/{rel}","templated":true}]}}