{"id":115595,"date":"2021-05-01T10:08:19","date_gmt":"2021-05-01T10:08:19","guid":{"rendered":"https:\/\/www.iliskikocubal.com\/site\/?post_type=product&#038;p=115595"},"modified":"2026-01-01T17:37:46","modified_gmt":"2026-01-01T17:37:46","slug":"dogru-iletisim-ve-davranis","status":"publish","type":"product","link":"https:\/\/www.iliskikocubal.com\/site\/urun\/dogru-iletisim-ve-davranis\/","title":{"rendered":"Do\u011fru \u0130leti\u015fim ve Davran\u0131\u015f"},"content":{"rendered":"","protected":false},"excerpt":{"rendered":"<div><strong>183 Sayfad\u0131r.<\/strong><\/div>\n<div><\/div>\n<div>\u0130li\u015fkiler ba\u015fta olmak \u00fczere, e\u015finize, i\u015f arkada\u015f\u0131n\u0131za, arkada\u015f\u0131n\u0131za nas\u0131l davranabilece\u011finizi anlatan,<\/div>\n<div>ileti\u015fimin g\u00fcc\u00fcn\u00fc kullanman\u0131z\u0131 sa\u011flayacak olan bir kitapt\u0131r.<\/div>\n<div>.<\/div>\n<div>Alg\u0131 y\u00f6netmeyi,<\/div>\n<div>Partnerinizin i\u00e7 y\u00fcz\u00fcn\u00fc \u00e7\u00f6z\u00fcp, ona uygun davranmay\u0131,<\/div>\n<div>Sesinizi duyurmay\u0131,<\/div>\n<div>Yem at\u0131c\u0131 sorular sormay\u0131,<\/div>\n<div>Manip\u00fclasyonu,<\/div>\n<div>Stratejilerinizi nas\u0131l uygulayaca\u011f\u0131n\u0131z\u0131,<\/div>\n<div>Onun dilinden konu\u015fabilmeyi<\/div>\n<div>ve bir \u00e7ok konuyu bol bol \u00f6rneklerle anlatt\u0131m.<\/div>\n<div>.<\/div>\n<div>U\u011fur getirmesi dile\u011fiyle,<\/div>\n<div>Keyifli okumalar diliyorum<\/div>\n<div>\n<div>.<\/div>\n<div>&#8212;-<\/div>\n<div>\n<div>Koruma Kodlu Dosyad\u0131r.<\/div>\n<div>Noter ve TC K\u00fclt\u00fcr ve Turizm Bakanl\u0131\u011f\u0131 Onayl\u0131d\u0131r. \u0130zinsiz kullan\u0131m durumunda IP tespiti ile yasal i\u015flem ba\u015flat\u0131lacakt\u0131r.<\/div>\n<div>&#8212;<\/div>\n<div>E-Kitapt\u0131r. Eve her hangi bir \u015fey gelmez.<\/div>\n<div>Telefonunuzdan, tabletinizden veya bilgisayar\u0131n\u0131zdan okuyabilirsiniz.<\/div>\n<div>Kitab\u0131 sat\u0131n alman\u0131z\u0131n ard\u0131ndan 24 saat i\u00e7erisinde size \u00f6zel link hem ben, hem de sistem taraf\u0131ndan e-postan\u0131za yollanacakt\u0131r.<\/div>\n<div><\/div>\n<\/div>\n<div>Maliye, fatura i\u00e7in ADRES k\u0131sm\u0131n\u0131 zorunlu tutmu\u015ftur. A\u00e7\u0131k adres yazman\u0131z gerekmez, semt yazsan\u0131z yeterlidir. Kitaplar hari\u00e7 di\u011fer \u00fcr\u00fcnlerde (Ametist, niyet kutusu, ar\u0131nma paketi) mutlaka A\u00e7\u0131k adres yazmal\u0131s\u0131n\u0131z, \u00e7\u00fcnk\u00fc onlar kargolan\u0131yor. <img decoding=\"async\" class=\"emoji\" role=\"img\" draggable=\"false\" src=\"https:\/\/s.w.org\/images\/core\/emoji\/13.0.1\/svg\/1f642.svg\" alt=\"\ud83d\ude42\" \/><\/div>\n<div>\n<div>&#8212;<\/div>\n<div>\u00c7ok sevgilerimle &lt;3<\/div>\n<\/div>\n<\/div>\n","protected":false},"featured_media":115596,"template":"","meta":{"_exactmetrics_skip_tracking":false,"_exactmetrics_sitenote_active":false,"_exactmetrics_sitenote_note":"","_exactmetrics_sitenote_category":0},"product_brand":[],"product_cat":[30],"product_tag":[],"class_list":{"0":"post-115595","1":"product","2":"type-product","3":"status-publish","4":"has-post-thumbnail","6":"product_cat-e-kitaplar","7":"tm-no-options","9":"first","10":"outofstock","11":"downloadable","12":"virtual","13":"purchasable","14":"product-type-simple"},"_links":{"self":[{"href":"https:\/\/www.iliskikocubal.com\/site\/wp-json\/wp\/v2\/product\/115595","targetHints":{"allow":["GET"]}}],"collection":[{"href":"https:\/\/www.iliskikocubal.com\/site\/wp-json\/wp\/v2\/product"}],"about":[{"href":"https:\/\/www.iliskikocubal.com\/site\/wp-json\/wp\/v2\/types\/product"}],"wp:featuredmedia":[{"embeddable":true,"href":"https:\/\/www.iliskikocubal.com\/site\/wp-json\/wp\/v2\/media\/115596"}],"wp:attachment":[{"href":"https:\/\/www.iliskikocubal.com\/site\/wp-json\/wp\/v2\/media?parent=115595"}],"wp:term":[{"taxonomy":"product_brand","embeddable":true,"href":"https:\/\/www.iliskikocubal.com\/site\/wp-json\/wp\/v2\/product_brand?post=115595"},{"taxonomy":"product_cat","embeddable":true,"href":"https:\/\/www.iliskikocubal.com\/site\/wp-json\/wp\/v2\/product_cat?post=115595"},{"taxonomy":"product_tag","embeddable":true,"href":"https:\/\/www.iliskikocubal.com\/site\/wp-json\/wp\/v2\/product_tag?post=115595"}],"curies":[{"name":"wp","href":"https:\/\/api.w.org\/{rel}","templated":true}]}}