{"id":124590,"date":"2021-07-14T11:52:44","date_gmt":"2021-07-14T11:52:44","guid":{"rendered":"https:\/\/www.iliskikocubal.com\/site\/?post_type=product&#038;p=124590"},"modified":"2026-04-17T06:30:46","modified_gmt":"2026-04-17T06:30:46","slug":"ask-cakrasi","status":"publish","type":"product","link":"https:\/\/www.iliskikocubal.com\/site\/urun\/ask-cakrasi\/","title":{"rendered":"A\u015fk \u00c7akras\u0131"},"content":{"rendered":"","protected":false},"excerpt":{"rendered":"<p>2 pembe kuvars + g\u00fcne\u015f ta\u015f\u0131 + ay ta\u015f\u0131 + sodalit (hediye)<br \/>\n\u0130l ve il\u00e7e bilginizi yazmay\u0131 unutmay\u0131n \ud83d\ude42<br \/>\n.<br \/>\nYurti\u00e7i kargo Kargo \u00fccretsizdir. 1-3 \u0130\u015f g\u00fcn\u00fc i\u00e7inde kargoya verilmektedir.<br \/>\nYURTDI\u015eINA G\u00d6NDER\u0130M YOKTUR.<br \/>\n.<br \/>\nDo\u011fal ta\u015flar\u0131n etkisi y\u00fcz y\u0131llar \u00f6ncesinden ke\u015ffedilmi\u015ftir.<br \/>\n.<br \/>\nPembe Kuvars, Mitolojide A\u015fk Tanr\u0131s\u0131 olarak bilinen Eros\u2019un insanlar sevgiyi \u00f6\u011frensinler diye eliyle g\u00f6ky\u00fcz\u00fcnden yery\u00fcz\u00fcne indirdi\u011fine inan\u0131lan ta\u015ft\u0131r.<br \/>\nBu sebepten bilinen \u00f6zelli\u011fi : Kalp g\u00f6z\u00fcn\u00fcz\u00fc a\u00e7mas\u0131, hislerinizin kuvvetlenmesi, k\u0131smetinizin (hem a\u015fk hem genel anlamda) a\u00e7\u0131lmas\u0131 ve \u00e7iftler aras\u0131 ba\u011f artmas\u0131 olarak hissedilmektedir.<br \/>\n.<br \/>\nAy Ta\u015f\u0131: \u00dczerinizdeki a\u011f\u0131rl\u0131\u011f\u0131n kalkmas\u0131, i\u00e7 denge (ying yang) sa\u011flanmas\u0131 ve daha berrak ilerlenmesini sa\u011flay\u0131c\u0131 olarak bilinir.<br \/>\nG\u00fcne\u015f ta\u015f\u0131: G\u00fc\u00e7l\u00fc bir enerji vericidir, n\u00f6trlenmesi g\u00fcne\u015f \u0131\u015f\u0131\u011f\u0131nda olmaktad\u0131r, t\u0131kan\u0131kl\u0131\u011f\u0131n kalkmas\u0131 ve duygusall\u0131\u011f\u0131n\u0131z\u0131n dengelenmesi i\u00e7indir.<br \/>\n.<br \/>\nA\u015fk setidir, a\u015fk ile ilgili niyetlerinizin \u00fczerinde bekletebilir, \u00f6zel g\u00f6r\u00fc\u015fmelerinizde yan\u0131n\u0131zda ta\u015f\u0131yabilirsiniz.<br \/>\n.<br \/>\nTa\u015flar\u0131 nas\u0131l kullanabilece\u011finiz, setin i\u00e7inde detayl\u0131ca yazmaktad\u0131r.<br \/>\nKulland\u0131k\u00e7a, sizin enerjinize uyumland\u0131\u011f\u0131n\u0131 hissedeceksiniz. Brezilya\u2019dan gelmi\u015ftir.<br \/>\nDo\u011fal Ta\u015flar ile ilgili Whatsapp Hatt\u0131m\u0131z : 5312492287 Esma Han\u0131md\u0131r<\/p>\n","protected":false},"featured_media":289254,"template":"","meta":{"_exactmetrics_skip_tracking":false,"_exactmetrics_sitenote_active":false,"_exactmetrics_sitenote_note":"","_exactmetrics_sitenote_category":0},"product_brand":[],"product_cat":[34],"product_tag":[],"class_list":{"0":"post-124590","1":"product","2":"type-product","3":"status-publish","4":"has-post-thumbnail","6":"product_cat-taslar","7":"tm-no-options","9":"first","10":"instock","11":"shipping-taxable","12":"purchasable","13":"product-type-simple"},"_links":{"self":[{"href":"https:\/\/www.iliskikocubal.com\/site\/wp-json\/wp\/v2\/product\/124590","targetHints":{"allow":["GET"]}}],"collection":[{"href":"https:\/\/www.iliskikocubal.com\/site\/wp-json\/wp\/v2\/product"}],"about":[{"href":"https:\/\/www.iliskikocubal.com\/site\/wp-json\/wp\/v2\/types\/product"}],"wp:featuredmedia":[{"embeddable":true,"href":"https:\/\/www.iliskikocubal.com\/site\/wp-json\/wp\/v2\/media\/289254"}],"wp:attachment":[{"href":"https:\/\/www.iliskikocubal.com\/site\/wp-json\/wp\/v2\/media?parent=124590"}],"wp:term":[{"taxonomy":"product_brand","embeddable":true,"href":"https:\/\/www.iliskikocubal.com\/site\/wp-json\/wp\/v2\/product_brand?post=124590"},{"taxonomy":"product_cat","embeddable":true,"href":"https:\/\/www.iliskikocubal.com\/site\/wp-json\/wp\/v2\/product_cat?post=124590"},{"taxonomy":"product_tag","embeddable":true,"href":"https:\/\/www.iliskikocubal.com\/site\/wp-json\/wp\/v2\/product_tag?post=124590"}],"curies":[{"name":"wp","href":"https:\/\/api.w.org\/{rel}","templated":true}]}}