{"id":126170,"date":"2021-08-02T14:02:27","date_gmt":"2021-08-02T14:02:27","guid":{"rendered":"https:\/\/www.iliskikocubal.com\/site\/?post_type=product&#038;p=126170"},"modified":"2026-05-15T05:25:19","modified_gmt":"2026-05-15T05:25:19","slug":"iliskianalizi","status":"publish","type":"product","link":"https:\/\/www.iliskikocubal.com\/site\/urun\/iliskianalizi\/","title":{"rendered":"\u0130li\u015fkiye \u00d6zel Form\u00fcl Analizi"},"content":{"rendered":"<p>Ki\u015fiye \u00f6zel manevi form\u00fcl&#8217;\u00fc yakla\u015f\u0131k 1 senedir yapmaktay\u0131z. \u015eimdi ise bunu ikili ili\u015fki \u00fczerinden konumlayaca\u011f\u0131z.<\/p>\n<p>Sizlerde ve kendi hayat\u0131mda etkisini g\u00f6rd\u00fck\u00e7e, geli\u015ftirdik ve haritaland\u0131rd\u0131k.<\/p>\n<p>Amac\u0131m\u0131z : Sizin ve partnerinizin \u00f6nemli noktalar\u0131n\u0131 ve k\u0131r\u0131l\u0131mlar\u0131n\u0131 belirlemek. Ona hangi noktadan hitap etmelisiniz? Nerede g\u00f6remedi\u011finiz k\u0131s\u0131mlar var? Ki\u015fiye \u00f6zel olarak olu\u015fturmaktay\u0131z. Hem derin zihin mesaj\u0131n\u0131z, hem stratejiniz, hem de esma ve ayet zikirleri kombinasyonu ile ili\u015fkinizi y\u00fckseltmeniz i\u00e7in kodlar\u0131m\u0131z olacakt\u0131r.<\/p>\n<p>Size hem dosya halinde, hem de sesimle aktard\u0131\u011f\u0131m kapsaml\u0131 bir analiz sunaca\u011f\u0131z. 12 g\u00fcn i\u00e7inde mailinize gelmektedir.<\/p>\n<p>T\u0131bbi bir anlam i\u00e7ermemektedir. Psikolojik, t\u0131bbi tedavi, te\u015fhis, kesinlik i\u00e7ermez. \u2018Form\u00fcl\u2019 kelimesi enerjisel olarak fark\u0131ndal\u0131k ve yolu a\u00e7makta anahtar olmaya yard\u0131mc\u0131 anlam\u0131ndad\u0131r.<\/p>\n","protected":false},"excerpt":{"rendered":"<p><strong>YEN\u0130 KOTA 18 MAYISTA A\u00c7ILACAKTIR.<\/strong><\/p>\n<p>11. senemde, binlerce ili\u015fki deneyimi ile, Manevi form\u00fcl\u00fcn ili\u015fkiniz \u00fczerine haz\u0131rlanan kapsam\u0131n\u0131 sunmaktay\u0131m.<\/p>\n<p>G\u00f6remedi\u011finiz noktalar nelerdir? Stratejiniz ne olmal\u0131? Derin zihin mesaj\u0131n\u0131z, ikinizin karakteri, birle\u015fim noktalar\u0131n\u0131z, onu etkileyecek k\u0131s\u0131mlar, ili\u015fkinizin daha \u00fcst seviyeye ge\u00e7mesi i\u00e7in gerekenler neler?<\/p>\n<p>T\u00fcm bunlar\u0131 ve ili\u015fkinize \u00d6zel Esma &#8211; Ayet kombinasyonunu, Do\u011fru frekans i\u00e7in imgelemeyi haz\u0131rlamaktay\u0131z.<\/p>\n<p>Yararland\u0131\u011f\u0131m Y\u00f6ntemler : Ebced hesab\u0131, Kader matriksi, Numeroloji, \u0130lm al-Huruf, E\u015fimle olu\u015fturdu\u011fumuz Kendi Form\u00fcllerimizdir.<\/p>\n<p>Premium ve Kapsaml\u0131 bir \u00e7al\u0131\u015fmad\u0131r, iki taraf\u0131n da analizi al\u0131narak ili\u015fki durumu olu\u015fturulur. \u00c7ok az ki\u015fi kota a\u00e7\u0131yorum.<\/p>\n<p><strong>Bazen sevgi yetmez, sevginin yetemedi\u011fi yerde vesile olmaya niyet ediyorum.<\/strong><\/p>\n","protected":false},"featured_media":321898,"template":"","meta":{"_exactmetrics_skip_tracking":false,"_exactmetrics_sitenote_active":false,"_exactmetrics_sitenote_note":"","_exactmetrics_sitenote_category":0},"product_brand":[],"product_cat":[8],"product_tag":[],"class_list":{"0":"post-126170","1":"product","2":"type-product","3":"status-publish","4":"has-post-thumbnail","6":"product_cat-manevi-recete-kategorisi","7":"tm-has-options","9":"first","10":"outofstock","11":"virtual","12":"sold-individually","13":"purchasable","14":"product-type-simple"},"_links":{"self":[{"href":"https:\/\/www.iliskikocubal.com\/site\/wp-json\/wp\/v2\/product\/126170","targetHints":{"allow":["GET"]}}],"collection":[{"href":"https:\/\/www.iliskikocubal.com\/site\/wp-json\/wp\/v2\/product"}],"about":[{"href":"https:\/\/www.iliskikocubal.com\/site\/wp-json\/wp\/v2\/types\/product"}],"wp:featuredmedia":[{"embeddable":true,"href":"https:\/\/www.iliskikocubal.com\/site\/wp-json\/wp\/v2\/media\/321898"}],"wp:attachment":[{"href":"https:\/\/www.iliskikocubal.com\/site\/wp-json\/wp\/v2\/media?parent=126170"}],"wp:term":[{"taxonomy":"product_brand","embeddable":true,"href":"https:\/\/www.iliskikocubal.com\/site\/wp-json\/wp\/v2\/product_brand?post=126170"},{"taxonomy":"product_cat","embeddable":true,"href":"https:\/\/www.iliskikocubal.com\/site\/wp-json\/wp\/v2\/product_cat?post=126170"},{"taxonomy":"product_tag","embeddable":true,"href":"https:\/\/www.iliskikocubal.com\/site\/wp-json\/wp\/v2\/product_tag?post=126170"}],"curies":[{"name":"wp","href":"https:\/\/api.w.org\/{rel}","templated":true}]}}