{"id":139361,"date":"2022-02-08T13:52:18","date_gmt":"2022-02-08T13:52:18","guid":{"rendered":"https:\/\/www.iliskikocubal.com\/site\/?post_type=product&#038;p=139361"},"modified":"2025-02-09T09:50:53","modified_gmt":"2025-02-09T09:50:53","slug":"sitrin","status":"publish","type":"product","link":"https:\/\/www.iliskikocubal.com\/site\/urun\/sitrin\/","title":{"rendered":"Di\u015fli Sitrin"},"content":{"rendered":"","protected":false},"excerpt":{"rendered":"<p>MAALESEF D\u0130\u015eL\u0130 S\u0130TR\u0130N GET\u0130RTEMED\u0130M<\/p>\n<p>Di\u015fli, tamamen do\u011fal, Sitrin ta\u015f\u0131d\u0131r.<\/p>\n<p>Sitrin, bereket zenginlik servet ta\u015f\u0131 olarak bilinir. Ofisinizde veya \u00e7al\u0131\u015fma masan\u0131zda bulundurabilirsiniz.<\/p>\n<p>Paran\u0131n oldu\u011fu yere koyabilir, maddiyat-i\u015f konular\u0131nda niyet ka\u011f\u0131d\u0131n\u0131z var ise onun \u00fczerinde bekletebilirsiniz.<\/p>\n<p>Hediyemiz de olacakt\u0131r.<\/p>\n<p>1-3 i\u015f g\u00fcn\u00fc i\u00e7erisinde Yurti\u00e7i kargo ile \u00e7\u0131kmaktad\u0131r. Yurtd\u0131\u015f\u0131na g\u00f6nderim yoktur.<\/p>\n<p>&nbsp;<\/p>\n<p><strong>\u0130\u00e7erisinden nas\u0131l kullanaca\u011f\u0131n\u0131z\u0131 ve n\u00f6trleme yapaca\u011f\u0131n\u0131z\u0131 anlatan bir kart bulunmaktad\u0131r.<\/strong><\/p>\n<p>&nbsp;<\/p>\n<p>&nbsp;<\/p>\n","protected":false},"featured_media":231275,"template":"","meta":{"_exactmetrics_skip_tracking":false,"_exactmetrics_sitenote_active":false,"_exactmetrics_sitenote_note":"","_exactmetrics_sitenote_category":0},"product_brand":[],"product_cat":[34],"product_tag":[],"class_list":{"0":"post-139361","1":"product","2":"type-product","3":"status-publish","4":"has-post-thumbnail","6":"product_cat-taslar","7":"tm-no-options","9":"first","10":"outofstock","11":"shipping-taxable","12":"purchasable","13":"product-type-simple"},"_links":{"self":[{"href":"https:\/\/www.iliskikocubal.com\/site\/wp-json\/wp\/v2\/product\/139361","targetHints":{"allow":["GET"]}}],"collection":[{"href":"https:\/\/www.iliskikocubal.com\/site\/wp-json\/wp\/v2\/product"}],"about":[{"href":"https:\/\/www.iliskikocubal.com\/site\/wp-json\/wp\/v2\/types\/product"}],"wp:featuredmedia":[{"embeddable":true,"href":"https:\/\/www.iliskikocubal.com\/site\/wp-json\/wp\/v2\/media\/231275"}],"wp:attachment":[{"href":"https:\/\/www.iliskikocubal.com\/site\/wp-json\/wp\/v2\/media?parent=139361"}],"wp:term":[{"taxonomy":"product_brand","embeddable":true,"href":"https:\/\/www.iliskikocubal.com\/site\/wp-json\/wp\/v2\/product_brand?post=139361"},{"taxonomy":"product_cat","embeddable":true,"href":"https:\/\/www.iliskikocubal.com\/site\/wp-json\/wp\/v2\/product_cat?post=139361"},{"taxonomy":"product_tag","embeddable":true,"href":"https:\/\/www.iliskikocubal.com\/site\/wp-json\/wp\/v2\/product_tag?post=139361"}],"curies":[{"name":"wp","href":"https:\/\/api.w.org\/{rel}","templated":true}]}}