{"id":144599,"date":"2022-05-04T04:57:35","date_gmt":"2022-05-04T04:57:35","guid":{"rendered":"https:\/\/www.iliskikocubal.com\/site\/?post_type=product&#038;p=144599"},"modified":"2026-01-01T17:37:39","modified_gmt":"2026-01-01T17:37:39","slug":"iliskimi-nasil-kurtarabilirim","status":"publish","type":"product","link":"https:\/\/www.iliskikocubal.com\/site\/urun\/iliskimi-nasil-kurtarabilirim\/","title":{"rendered":"\u0130li\u015fkimi Nas\u0131l Kurtarabilirim?"},"content":{"rendered":"","protected":false},"excerpt":{"rendered":"<div id=\":wk\" class=\"ii gt\">\n<div id=\":wj\" class=\"a3s aiL \">\n<div dir=\"ltr\">\n<div>\n<div>173 Sayfad\u0131r.<\/div>\n<div><\/div>\n<div>Mevcut ili\u015fkiniz var ama istedi\u011finiz tatminli\u011fi alam\u0131yorsan\u0131z, do\u011fru yerdesiniz.<\/div>\n<div>Nas\u0131l tamir edebilece\u011finizi,<\/div>\n<div>Neleri de\u011fi\u015ftirerek etki sa\u011flayaca\u011f\u0131n\u0131z\u0131,<\/div>\n<div>Derin konular\u0131 konu\u015farak \u00f6rneklerle a\u00e7\u0131klad\u0131m.<\/div>\n<div>Tamamen \u00e7\u00f6z\u00fcme y\u00f6neliktir.<\/div>\n<div>Anlatmas\u0131 benden, uygulamas\u0131 sizden&#8230;<\/div>\n<div><\/div>\n<div>Hay\u0131rlara vesile olmas\u0131 dile\u011fiyle,<\/div>\n<div>Keyifli okumalar diliyorum<\/div>\n<div>\u015eans getirsin<\/div>\n<div><\/div>\n<div>&#8212;-<\/div>\n<div>\n<div>Koruma Kodlu Dosyad\u0131r.<\/div>\n<div>Noter ve TC K\u00fclt\u00fcr ve Turizm Bakanl\u0131\u011f\u0131 Onayl\u0131d\u0131r. \u0130zinsiz kullan\u0131m durumunda IP tespiti ile yasal i\u015flem ba\u015flat\u0131lacakt\u0131r.<\/div>\n<div>&#8212;<\/div>\n<div>E-Kitapt\u0131r. Eve herhangi bir \u015fey gelmez.<\/div>\n<div>Telefonunuzdan, tabletinizden veya bilgisayar\u0131n\u0131zdan okuyabilirsiniz.<\/div>\n<div>Kitab\u0131 sat\u0131n alman\u0131z\u0131n ard\u0131ndan 24 saat i\u00e7erisinde size \u00f6zel link hem ben, hem de sistem taraf\u0131ndan e-postan\u0131za yollanacakt\u0131r.<\/div>\n<div>&#8212;<\/div>\n<div>\u00c7ok sevgilerimle &lt;3<\/div>\n<\/div>\n<\/div>\n<\/div>\n<\/div>\n<\/div>\n","protected":false},"featured_media":144600,"template":"","meta":{"_exactmetrics_skip_tracking":false,"_exactmetrics_sitenote_active":false,"_exactmetrics_sitenote_note":"","_exactmetrics_sitenote_category":0},"product_brand":[],"product_cat":[30],"product_tag":[],"class_list":{"0":"post-144599","1":"product","2":"type-product","3":"status-publish","4":"has-post-thumbnail","6":"product_cat-e-kitaplar","7":"tm-no-options","9":"first","10":"outofstock","11":"downloadable","12":"virtual","13":"purchasable","14":"product-type-simple"},"_links":{"self":[{"href":"https:\/\/www.iliskikocubal.com\/site\/wp-json\/wp\/v2\/product\/144599","targetHints":{"allow":["GET"]}}],"collection":[{"href":"https:\/\/www.iliskikocubal.com\/site\/wp-json\/wp\/v2\/product"}],"about":[{"href":"https:\/\/www.iliskikocubal.com\/site\/wp-json\/wp\/v2\/types\/product"}],"wp:featuredmedia":[{"embeddable":true,"href":"https:\/\/www.iliskikocubal.com\/site\/wp-json\/wp\/v2\/media\/144600"}],"wp:attachment":[{"href":"https:\/\/www.iliskikocubal.com\/site\/wp-json\/wp\/v2\/media?parent=144599"}],"wp:term":[{"taxonomy":"product_brand","embeddable":true,"href":"https:\/\/www.iliskikocubal.com\/site\/wp-json\/wp\/v2\/product_brand?post=144599"},{"taxonomy":"product_cat","embeddable":true,"href":"https:\/\/www.iliskikocubal.com\/site\/wp-json\/wp\/v2\/product_cat?post=144599"},{"taxonomy":"product_tag","embeddable":true,"href":"https:\/\/www.iliskikocubal.com\/site\/wp-json\/wp\/v2\/product_tag?post=144599"}],"curies":[{"name":"wp","href":"https:\/\/api.w.org\/{rel}","templated":true}]}}