{"id":153386,"date":"2022-07-21T09:07:44","date_gmt":"2022-07-21T09:07:44","guid":{"rendered":"https:\/\/www.iliskikocubal.com\/site\/?post_type=product&#038;p=153386"},"modified":"2026-04-29T09:58:48","modified_gmt":"2026-04-29T09:58:48","slug":"ozenerji7","status":"publish","type":"product","link":"https:\/\/www.iliskikocubal.com\/site\/urun\/ozenerji7\/","title":{"rendered":"\u00d6z Enerji"},"content":{"rendered":"","protected":false},"excerpt":{"rendered":"<p><strong>\u00d6z Enerji\u00a0<\/strong><\/p>\n<p>Lepidolit Ham ta\u015f, Aragonit Ham Ta\u015f ve Larvakit Ham ta\u015f.<\/p>\n<p>Selenit do\u011fal ta\u015f\u0131 hediyemizdir.<\/p>\n<p>\u00dcr\u00fcn i\u00e7eri\u011finde : 4 adet do\u011fal ta\u015f ve kullan\u0131m kartlar\u0131 bulunmaktad\u0131r.<\/p>\n<p>Toplam a\u011f\u0131rl\u0131k 100 gram ve \u00fczeridir.<\/p>\n<p>Yurti\u00e7i kargo ile 1-3 i\u015f g\u00fcn\u00fc i\u00e7erisinde \u00e7\u0131kmaktad\u0131r.<\/p>\n<p><strong>Bu ta\u015flar\u0131n birbiri ile olan etkile\u015fimi :<\/strong> T\u0131kan\u0131kl\u0131klar\u0131n\u0131z\u0131n kalkmas\u0131na, nazar ve g\u00f6zden ar\u0131nmaya, ak\u0131\u015f\u0131n temizlenmesine b\u00f6ylece daha h\u0131zl\u0131 akmas\u0131na, ileti\u015fimi desteklemeye, daha berrak bir zihine, istikrar\u0131n kuvvetlenmesine, kuruntular\u0131n minimize olmas\u0131na vesiledir.<\/p>\n<p>Di\u015fil enerjiyi ve k\u00f6k \u00e7akray\u0131 besler.<\/p>\n<p>Auran\u0131z\u0131n g\u00fc\u00e7lenmesi, yayd\u0131\u011f\u0131n\u0131z enerjinizin kalitele\u015fmesi, insanlar\u0131n sizi nas\u0131l alg\u0131layaca\u011f\u0131 ile ilgili besleyicidir.<\/p>\n<p><strong>Tamam\u0131yla do\u011fal ve hamd\u0131r. Do\u011fadan \u00e7\u0131kan, yery\u00fcz\u00fcnde kendili\u011finden olu\u015fmu\u015f olan ta\u015flard\u0131r.<\/strong><\/p>\n<p><strong>Hepsi Brezilya&#8217;dan \u00fclkemize gelmi\u015ftir.<\/strong><\/p>\n","protected":false},"featured_media":264916,"template":"","meta":{"_exactmetrics_skip_tracking":false,"_exactmetrics_sitenote_active":false,"_exactmetrics_sitenote_note":"","_exactmetrics_sitenote_category":0},"product_brand":[],"product_cat":[34],"product_tag":[],"class_list":{"0":"post-153386","1":"product","2":"type-product","3":"status-publish","4":"has-post-thumbnail","6":"product_cat-taslar","7":"tm-no-options","9":"first","10":"instock","11":"shipping-taxable","12":"purchasable","13":"product-type-simple"},"_links":{"self":[{"href":"https:\/\/www.iliskikocubal.com\/site\/wp-json\/wp\/v2\/product\/153386","targetHints":{"allow":["GET"]}}],"collection":[{"href":"https:\/\/www.iliskikocubal.com\/site\/wp-json\/wp\/v2\/product"}],"about":[{"href":"https:\/\/www.iliskikocubal.com\/site\/wp-json\/wp\/v2\/types\/product"}],"wp:featuredmedia":[{"embeddable":true,"href":"https:\/\/www.iliskikocubal.com\/site\/wp-json\/wp\/v2\/media\/264916"}],"wp:attachment":[{"href":"https:\/\/www.iliskikocubal.com\/site\/wp-json\/wp\/v2\/media?parent=153386"}],"wp:term":[{"taxonomy":"product_brand","embeddable":true,"href":"https:\/\/www.iliskikocubal.com\/site\/wp-json\/wp\/v2\/product_brand?post=153386"},{"taxonomy":"product_cat","embeddable":true,"href":"https:\/\/www.iliskikocubal.com\/site\/wp-json\/wp\/v2\/product_cat?post=153386"},{"taxonomy":"product_tag","embeddable":true,"href":"https:\/\/www.iliskikocubal.com\/site\/wp-json\/wp\/v2\/product_tag?post=153386"}],"curies":[{"name":"wp","href":"https:\/\/api.w.org\/{rel}","templated":true}]}}