{"id":18226,"date":"2018-08-29T10:57:25","date_gmt":"2018-08-29T10:57:25","guid":{"rendered":"https:\/\/www.iliskikocubal.com\/site\/?post_type=product&#038;p=18226"},"modified":"2026-01-01T17:38:01","modified_gmt":"2026-01-01T17:38:01","slug":"iliski-nasil-yurutulur","status":"publish","type":"product","link":"https:\/\/www.iliskikocubal.com\/site\/urun\/iliski-nasil-yurutulur\/","title":{"rendered":"\u0130li\u015fki Nas\u0131l Y\u00fcr\u00fct\u00fcl\u00fcr Kitab\u0131"},"content":{"rendered":"","protected":false},"excerpt":{"rendered":"<div>150 sayfad\u0131r.<\/div>\n<div><\/div>\n<div>Bu kitap sayesinde;<\/div>\n<div><\/div>\n<div>Neden yaln\u0131z oldu\u011funuzu,<\/div>\n<div>Biri ile nas\u0131l fl\u00f6rt edebilece\u011finizi,<\/div>\n<div>Fl\u00f6rt\u00fc ili\u015fkiye nas\u0131l d\u00f6n\u00fc\u015ft\u00fcrece\u011finizi,<\/div>\n<div>Yapt\u0131\u011f\u0131n\u0131z yanl\u0131\u015f tutumlar\u0131 ve do\u011frular\u0131n\u0131,<\/div>\n<div>\u0130li\u015fkiyi nas\u0131l evlili\u011fe g\u00f6t\u00fcrebilece\u011finizi,<\/div>\n<div>\u0130nsan tipleri ve ona g\u00f6re davran\u0131\u015f bi\u00e7imlerini,<\/div>\n<div>Bur\u00e7lara g\u00f6re karakter analizi yapmay\u0131<\/div>\n<div>\u00f6\u011freneceksiniz.<\/div>\n<div>\n<div>&#8211;<\/div>\n<div><strong>E-Kitapt\u0131r,<\/strong> eve her hangi bir \u015fey gelmez.<\/div>\n<div>Alman\u0131z\u0131n ard\u0131ndan 24 saat i\u00e7erisinde hem benim taraf\u0131mdan, hem de sistem taraf\u0131ndan otomatik olarak size mail gelir.<\/div>\n<div><\/div>\n<div>Maliye, fatura i\u00e7in ADRES k\u0131sm\u0131n\u0131 zorunlu tutmu\u015ftur. A\u00e7\u0131k adres yazman\u0131z gerekmez, semt yazsan\u0131z yeterlidir. Kitaplar hari\u00e7 di\u011fer \u00fcr\u00fcnlerde (Ametist, niyet kutusu, ar\u0131nma paketi) mutlaka A\u00e7\u0131k adres yazmal\u0131s\u0131n\u0131z, \u00e7\u00fcnk\u00fc onlar kargolan\u0131yor. \ud83d\ude42<\/div>\n<\/div>\n<div>&#8211;<\/div>\n<div><strong>NOTER ONAYLIDIR. Koruma Kodlu PDF&#8217;tir.<\/strong><\/div>\n<div>\u0130zinsiz kullan\u0131m veya kopya durumunda IP tespiti ile yasal i\u015flem ba\u015flat\u0131lacakt\u0131r.<\/div>\n<div>&#8211;<\/div>\n<div>\u00c7ok Sevgilerimle &lt;3<\/div>\n","protected":false},"featured_media":25109,"template":"","meta":{"_exactmetrics_skip_tracking":false,"_exactmetrics_sitenote_active":false,"_exactmetrics_sitenote_note":"","_exactmetrics_sitenote_category":0},"product_brand":[],"product_cat":[30],"product_tag":[],"class_list":{"0":"post-18226","1":"product","2":"type-product","3":"status-publish","4":"has-post-thumbnail","6":"product_cat-e-kitaplar","7":"tm-no-options","9":"first","10":"outofstock","11":"featured","12":"downloadable","13":"virtual","14":"purchasable","15":"product-type-simple"},"_links":{"self":[{"href":"https:\/\/www.iliskikocubal.com\/site\/wp-json\/wp\/v2\/product\/18226","targetHints":{"allow":["GET"]}}],"collection":[{"href":"https:\/\/www.iliskikocubal.com\/site\/wp-json\/wp\/v2\/product"}],"about":[{"href":"https:\/\/www.iliskikocubal.com\/site\/wp-json\/wp\/v2\/types\/product"}],"wp:featuredmedia":[{"embeddable":true,"href":"https:\/\/www.iliskikocubal.com\/site\/wp-json\/wp\/v2\/media\/25109"}],"wp:attachment":[{"href":"https:\/\/www.iliskikocubal.com\/site\/wp-json\/wp\/v2\/media?parent=18226"}],"wp:term":[{"taxonomy":"product_brand","embeddable":true,"href":"https:\/\/www.iliskikocubal.com\/site\/wp-json\/wp\/v2\/product_brand?post=18226"},{"taxonomy":"product_cat","embeddable":true,"href":"https:\/\/www.iliskikocubal.com\/site\/wp-json\/wp\/v2\/product_cat?post=18226"},{"taxonomy":"product_tag","embeddable":true,"href":"https:\/\/www.iliskikocubal.com\/site\/wp-json\/wp\/v2\/product_tag?post=18226"}],"curies":[{"name":"wp","href":"https:\/\/api.w.org\/{rel}","templated":true}]}}