{"id":42250,"date":"2019-04-20T10:18:03","date_gmt":"2019-04-20T10:18:03","guid":{"rendered":"https:\/\/www.iliskikocubal.com\/site\/?post_type=product&#038;p=42250"},"modified":"2026-01-01T17:38:17","modified_gmt":"2026-01-01T17:38:17","slug":"en-etkili-50-yontem","status":"publish","type":"product","link":"https:\/\/www.iliskikocubal.com\/site\/urun\/en-etkili-50-yontem\/","title":{"rendered":"En Etkili 50 Y\u00f6ntem"},"content":{"rendered":"","protected":false},"excerpt":{"rendered":"<p>&nbsp;<\/p>\n<p>160 sayfadan olu\u015fur.<br \/>\nSizlere 50 adet etkisi kan\u0131tlanm\u0131\u015f y\u00f6ntem sunmak istedim.<\/p>\n<p>\u00d6rneklerle nas\u0131l uygulanabilece\u011fini anlatt\u0131m.<\/p>\n<p>Diyelim ki bir kriz ile kar\u015f\u0131la\u015ft\u0131n\u0131z, hemen telefonunuzdan bu e-kitab\u0131 a\u00e7\u0131yorsunuz ve hangi c\u00fcmleleri kullanabilece\u011finize, o an\u0131 nas\u0131l idare edebilece\u011finize bakarak uyguluyorsunuz.<\/p>\n<p>\u0130\u015finize \u00e7ok yarayaca\u011f\u0131n\u0131 d\u00fc\u015f\u00fcnd\u00fc\u011f\u00fcm, uygulad\u0131\u011f\u0131n\u0131zda etkisini fark edece\u011finiz bir yaz\u0131 haz\u0131rlad\u0131m.<br \/>\nKeyifle okuman\u0131z\u0131 diliyorum<\/p>\n<p>&#8212;-<br \/>\nNoter ve TC K\u00fclt\u00fcr ve Turizm Bakanl\u0131\u011f\u0131 Onayl\u0131d\u0131r. \u0130zinsiz kullan\u0131m durumunda IP tespiti ile yasal i\u015flem ba\u015flat\u0131lacakt\u0131r.<br \/>\n&#8212;<br \/>\nE-Kitapt\u0131r. Eve her hangi bir \u015fey gelmez.<br \/>\nTelefonunuzdan veya bilgisayar\u0131n\u0131zdan okuyabilirsiniz.<br \/>\nKitab\u0131 sat\u0131n alman\u0131z\u0131n ard\u0131ndan en k\u0131sa s\u00fcre i\u00e7erisinde size \u00f6zel link e-postan\u0131za yollanacakt\u0131r.<br \/>\n&#8212;<br \/>\n\u00c7ok sevgilerimle &lt;3<\/p>\n","protected":false},"featured_media":42252,"template":"","meta":{"_exactmetrics_skip_tracking":false,"_exactmetrics_sitenote_active":false,"_exactmetrics_sitenote_note":"","_exactmetrics_sitenote_category":0},"product_brand":[],"product_cat":[30],"product_tag":[],"class_list":{"0":"post-42250","1":"product","2":"type-product","3":"status-publish","4":"has-post-thumbnail","6":"product_cat-e-kitaplar","7":"tm-no-options","9":"first","10":"outofstock","11":"downloadable","12":"virtual","13":"purchasable","14":"product-type-simple"},"_links":{"self":[{"href":"https:\/\/www.iliskikocubal.com\/site\/wp-json\/wp\/v2\/product\/42250","targetHints":{"allow":["GET"]}}],"collection":[{"href":"https:\/\/www.iliskikocubal.com\/site\/wp-json\/wp\/v2\/product"}],"about":[{"href":"https:\/\/www.iliskikocubal.com\/site\/wp-json\/wp\/v2\/types\/product"}],"wp:featuredmedia":[{"embeddable":true,"href":"https:\/\/www.iliskikocubal.com\/site\/wp-json\/wp\/v2\/media\/42252"}],"wp:attachment":[{"href":"https:\/\/www.iliskikocubal.com\/site\/wp-json\/wp\/v2\/media?parent=42250"}],"wp:term":[{"taxonomy":"product_brand","embeddable":true,"href":"https:\/\/www.iliskikocubal.com\/site\/wp-json\/wp\/v2\/product_brand?post=42250"},{"taxonomy":"product_cat","embeddable":true,"href":"https:\/\/www.iliskikocubal.com\/site\/wp-json\/wp\/v2\/product_cat?post=42250"},{"taxonomy":"product_tag","embeddable":true,"href":"https:\/\/www.iliskikocubal.com\/site\/wp-json\/wp\/v2\/product_tag?post=42250"}],"curies":[{"name":"wp","href":"https:\/\/api.w.org\/{rel}","templated":true}]}}