{"id":71362,"date":"2020-01-07T15:21:47","date_gmt":"2020-01-07T15:21:47","guid":{"rendered":"https:\/\/www.iliskikocubal.com\/site\/?post_type=product&#038;p=71362"},"modified":"2026-01-01T17:37:54","modified_gmt":"2026-01-01T17:37:54","slug":"ne-yapmam-lazim","status":"publish","type":"product","link":"https:\/\/www.iliskikocubal.com\/site\/urun\/ne-yapmam-lazim\/","title":{"rendered":"Ne Yapmam Laz\u0131m?"},"content":{"rendered":"","protected":false},"excerpt":{"rendered":"<div><\/div>\n<div>176 sayfadan olu\u015fur.<\/div>\n<div><\/div>\n<div>Bu kitapta konu\u015fulmayanlar\u0131 konu\u015faca\u011f\u0131z,<\/div>\n<div>nerelerde hata yapt\u0131\u011f\u0131n\u0131z\u0131 fark edip iyile\u015fmeyi ba\u015flatacaks\u0131n\u0131z,<\/div>\n<div>akl\u0131n\u0131zdaki bir \u00e7ok soru i\u015faretini giderebileceksiniz.<\/div>\n<div>&#8216;Ceptelikten kurtulma&#8217; konusuna son derece detayl\u0131 bir yer verdim.<\/div>\n<div>\u0130li\u015fkinizi evlili\u011fe nas\u0131l g\u00f6t\u00fcrebilece\u011finizi uzun uzun anlatt\u0131m.<\/div>\n<div>Cinsellik, yalan, saklanan s\u00f6zler gibi derin konulara de\u011findim.<\/div>\n<div>Ya\u015fanm\u0131\u015f \u00f6rneklerle, hangi durumda nas\u0131l davranabilece\u011finizi aktard\u0131m.<\/div>\n<div><\/div>\n<div>\u015eans getirmesi dile\u011fiyle,<\/div>\n<div>Keyifli okumalar<\/div>\n<div>\n<p>&#8212;<\/p>\n<p><strong>E-Kitapt\u0131r.<\/strong> Eve her hangi bir \u015fey gelmez.<\/p>\n<p>Telefonunuzdan, tabletinizden veya bilgisayar\u0131n\u0131zdan okuyabilirsiniz. Kitab\u0131 sat\u0131n alman\u0131z\u0131n ard\u0131ndan 24 saat i\u00e7erisinde size \u00f6zel link e-postan\u0131za yollanacakt\u0131r.<\/p>\n<p>Maliye, fatura i\u00e7in ADRES k\u0131sm\u0131n\u0131 zorunlu tutmu\u015ftur. A\u00e7\u0131k adres yazman\u0131z gerekmez, semt yazsan\u0131z yeterlidir. Kitaplar hari\u00e7 di\u011fer \u00fcr\u00fcnlerde (Ametist, niyet kutusu, ar\u0131nma paketi) mutlaka A\u00e7\u0131k adres yazmal\u0131s\u0131n\u0131z, \u00e7\u00fcnk\u00fc onlar kargolan\u0131yor. \ud83d\ude42<\/p>\n<\/div>\n<div>&#8212;-<\/div>\n<div>\n<p><strong>Koruma Kodlu Dosyad\u0131r.<\/strong><\/p>\n<p>Noter ve TC K\u00fclt\u00fcr ve Turizm Bakanl\u0131\u011f\u0131 Onayl\u0131d\u0131r. \u0130zinsiz kullan\u0131m durumunda IP tespiti ile yasal i\u015flem ba\u015flat\u0131lacakt\u0131r.<\/p>\n<p>&#8212;<\/p>\n<p>\u00c7ok sevgilerimle &lt;3<\/p>\n<\/div>\n","protected":false},"featured_media":71365,"template":"","meta":{"_exactmetrics_skip_tracking":false,"_exactmetrics_sitenote_active":false,"_exactmetrics_sitenote_note":"","_exactmetrics_sitenote_category":0},"product_brand":[],"product_cat":[30],"product_tag":[],"class_list":{"0":"post-71362","1":"product","2":"type-product","3":"status-publish","4":"has-post-thumbnail","6":"product_cat-e-kitaplar","7":"tm-no-options","9":"first","10":"outofstock","11":"downloadable","12":"virtual","13":"purchasable","14":"product-type-simple"},"_links":{"self":[{"href":"https:\/\/www.iliskikocubal.com\/site\/wp-json\/wp\/v2\/product\/71362","targetHints":{"allow":["GET"]}}],"collection":[{"href":"https:\/\/www.iliskikocubal.com\/site\/wp-json\/wp\/v2\/product"}],"about":[{"href":"https:\/\/www.iliskikocubal.com\/site\/wp-json\/wp\/v2\/types\/product"}],"wp:featuredmedia":[{"embeddable":true,"href":"https:\/\/www.iliskikocubal.com\/site\/wp-json\/wp\/v2\/media\/71365"}],"wp:attachment":[{"href":"https:\/\/www.iliskikocubal.com\/site\/wp-json\/wp\/v2\/media?parent=71362"}],"wp:term":[{"taxonomy":"product_brand","embeddable":true,"href":"https:\/\/www.iliskikocubal.com\/site\/wp-json\/wp\/v2\/product_brand?post=71362"},{"taxonomy":"product_cat","embeddable":true,"href":"https:\/\/www.iliskikocubal.com\/site\/wp-json\/wp\/v2\/product_cat?post=71362"},{"taxonomy":"product_tag","embeddable":true,"href":"https:\/\/www.iliskikocubal.com\/site\/wp-json\/wp\/v2\/product_tag?post=71362"}],"curies":[{"name":"wp","href":"https:\/\/api.w.org\/{rel}","templated":true}]}}