{"id":91675,"date":"2020-08-01T19:21:18","date_gmt":"2020-08-01T19:21:18","guid":{"rendered":"https:\/\/www.iliskikocubal.com\/site\/?post_type=product&#038;p=91675"},"modified":"2026-01-01T17:38:25","modified_gmt":"2026-01-01T17:38:25","slug":"ask-hayatini-gelistirmenin-yollari","status":"publish","type":"product","link":"https:\/\/www.iliskikocubal.com\/site\/urun\/ask-hayatini-gelistirmenin-yollari\/","title":{"rendered":"A\u015fk Hayat\u0131n\u0131 Geli\u015ftirmenin Yollar\u0131"},"content":{"rendered":"","protected":false},"excerpt":{"rendered":"<p>&nbsp;<\/p>\n<p>180 sayfadan olu\u015fur.<\/p>\n<p>Bu kitap:<br \/>\nileti\u015fim y\u00f6ntemlerini, nas\u0131l do\u011fru tav\u0131rlarda bulunabilece\u011finizi, evlili\u011fi hayat\u0131n\u0131za nas\u0131l \u00e7ekece\u011finizi anlat\u0131r.<br \/>\nKitab\u0131n i\u00e7indekileri uygulad\u0131\u011f\u0131n\u0131z takdirde, a\u015fk hayat\u0131n\u0131z\u0131n seviye atlay\u0131p geli\u015fti\u011fini g\u00f6receksiniz.<\/p>\n<p>\u015eans getirmesi dile\u011fiyle,<br \/>\nKeyifli okumalar<\/p>\n<p>&#8212;<\/p>\n<p><strong>E-Kitapt\u0131r.<\/strong> Eve her hangi bir \u015fey gelmez<\/p>\n<p>Telefonunuzdan, tabletinizden veya bilgisayar\u0131n\u0131zdan okuyabilirsiniz.<br \/>\nKitab\u0131 sat\u0131n alman\u0131z\u0131n ard\u0131ndan 24 saat i\u00e7erisinde size \u00f6zel link hem ben, hem de sistem taraf\u0131ndan e-postan\u0131za yollanacakt\u0131r.<\/p>\n<p>Maliye, fatura i\u00e7in ADRES k\u0131sm\u0131n\u0131 zorunlu tutmu\u015ftur. A\u00e7\u0131k adres yazman\u0131z gerekmez, semt yazsan\u0131z yeterlidir. Kitaplar hari\u00e7 di\u011fer \u00fcr\u00fcnlerde (Ametist, niyet kutusu, ar\u0131nma paketi) mutlaka A\u00e7\u0131k adres yazmal\u0131s\u0131n\u0131z, \u00e7\u00fcnk\u00fc onlar kargolan\u0131yor. \ud83d\ude42<br \/>\n&#8212;-<br \/>\nKoruma Kodlu Dosyad\u0131r.<br \/>\nNoter ve TC K\u00fclt\u00fcr ve Turizm Bakanl\u0131\u011f\u0131 Onayl\u0131d\u0131r. \u0130zinsiz kullan\u0131m durumunda IP tespiti ile yasal i\u015flem ba\u015flat\u0131lacakt\u0131r.<br \/>\n&#8212;<\/p>\n<p>\u00c7ok sevgilerimle &lt;3<\/p>\n","protected":false},"featured_media":91676,"template":"","meta":{"_exactmetrics_skip_tracking":false,"_exactmetrics_sitenote_active":false,"_exactmetrics_sitenote_note":"","_exactmetrics_sitenote_category":0},"product_brand":[],"product_cat":[30],"product_tag":[],"class_list":{"0":"post-91675","1":"product","2":"type-product","3":"status-publish","4":"has-post-thumbnail","6":"product_cat-e-kitaplar","7":"tm-no-options","9":"first","10":"outofstock","11":"downloadable","12":"virtual","13":"purchasable","14":"product-type-simple"},"_links":{"self":[{"href":"https:\/\/www.iliskikocubal.com\/site\/wp-json\/wp\/v2\/product\/91675","targetHints":{"allow":["GET"]}}],"collection":[{"href":"https:\/\/www.iliskikocubal.com\/site\/wp-json\/wp\/v2\/product"}],"about":[{"href":"https:\/\/www.iliskikocubal.com\/site\/wp-json\/wp\/v2\/types\/product"}],"wp:featuredmedia":[{"embeddable":true,"href":"https:\/\/www.iliskikocubal.com\/site\/wp-json\/wp\/v2\/media\/91676"}],"wp:attachment":[{"href":"https:\/\/www.iliskikocubal.com\/site\/wp-json\/wp\/v2\/media?parent=91675"}],"wp:term":[{"taxonomy":"product_brand","embeddable":true,"href":"https:\/\/www.iliskikocubal.com\/site\/wp-json\/wp\/v2\/product_brand?post=91675"},{"taxonomy":"product_cat","embeddable":true,"href":"https:\/\/www.iliskikocubal.com\/site\/wp-json\/wp\/v2\/product_cat?post=91675"},{"taxonomy":"product_tag","embeddable":true,"href":"https:\/\/www.iliskikocubal.com\/site\/wp-json\/wp\/v2\/product_tag?post=91675"}],"curies":[{"name":"wp","href":"https:\/\/api.w.org\/{rel}","templated":true}]}}